{"id":3260,"date":"2023-08-12T06:18:57","date_gmt":"2023-08-12T03:18:57","guid":{"rendered":"https:\/\/altinderepatent.com\/sinai-mulkiyet-haklari-hukuki-danismanlik-hizmetleri\/"},"modified":"2024-08-12T19:37:59","modified_gmt":"2024-08-12T16:37:59","slug":"%d8%ae%d8%af%d9%85%d8%a7%d8%aa-%d8%a7%d9%84%d8%a7%d8%b3%d8%aa%d8%b4%d8%a7%d8%b1%d8%a7%d8%aa-%d8%a7%d9%84%d9%82%d8%a7%d9%86%d9%88%d9%86%d9%8a%d8%a9-%d8%a7%d9%84%d9%85%d8%aa%d8%b9%d9%84%d9%82%d8%a9","status":"publish","type":"page","link":"https:\/\/altinderepatent.com\/ar\/%d8%ae%d8%af%d9%85%d8%a7%d8%aa-%d8%a7%d9%84%d8%a7%d8%b3%d8%aa%d8%b4%d8%a7%d8%b1%d8%a7%d8%aa-%d8%a7%d9%84%d9%82%d8%a7%d9%86%d9%88%d9%86%d9%8a%d8%a9-%d8%a7%d9%84%d9%85%d8%aa%d8%b9%d9%84%d9%82%d8%a9\/","title":{"rendered":"\u062e\u062f\u0645\u0627\u062a \u0627\u0644\u0627\u0633\u062a\u0634\u0627\u0631\u0627\u062a \u0627\u0644\u0642\u0627\u0646\u0648\u0646\u064a\u0629 \u0627\u0644\u0645\u062a\u0639\u0644\u0642\u0629 \u0628\u062d\u0642\u0648\u0642 \u0627\u0644\u0645\u0644\u0643\u064a\u0629 \u0627\u0644\u0635\u0646\u0627\u0639\u064a\u0629"},"content":{"rendered":"\t\t<div data-elementor-type=\"wp-page\" data-elementor-id=\"3260\" class=\"elementor elementor-3260 elementor-1074\">\n\t\t\t\t\t\t<section class=\"elementor-section elementor-top-section elementor-element elementor-element-d84a00a services-details-area elementor-section-boxed elementor-section-height-default elementor-section-height-default\" data-id=\"d84a00a\" data-element_type=\"section\">\n\t\t\t\t\t\t<div class=\"elementor-container elementor-column-gap-no\">\n\t\t\t\t\t<div class=\"elementor-column elementor-col-50 elementor-top-column elementor-element elementor-element-50abe07 services-sidebar\" data-id=\"50abe07\" data-element_type=\"column\">\n\t\t\t<div class=\"elementor-widget-wrap elementor-element-populated\">\n\t\t\t\t\t\t<div class=\"elementor-element elementor-element-cd41b73 elementor-widget elementor-widget-consua_service_navmenu\" data-id=\"cd41b73\" data-element_type=\"widget\" data-widget_type=\"consua_service_navmenu.default\">\n\t\t\t\t<div class=\"elementor-widget-container\">\n\t\t\t\r\n    <!-- Start Service Navmenu \r\n    ============================================= -->\r\n    <div class=\"single-widget services-list-widget\">\r\n        <h4 class=\"widget-title\">\u062e\u062f\u0645\u0627\u062a\u0646\u0627<\/h4>\r\n        <div class=\"content\">\r\n            \t\t            <div class=\"menu-service-sidebar-menu-container\"><ul id=\"menu-service-sidebar-menu\" class=\"menu\"><li id=\"menu-item-1935\" class=\"menu-item menu-item-type-post_type menu-item-object-page menu-item-1935\"><a href=\"https:\/\/altinderepatent.com\/yurtici-ve-yurtdisi-marka-tescil-islemleri\/\">\u0625\u062c\u0631\u0627\u0621\u0627\u062a \u062a\u0633\u062c\u064a\u0644 \u0627\u0644\u0639\u0644\u0627\u0645\u0627\u062a \u0627\u0644\u062a\u062c\u0627\u0631\u064a\u0629 \u0627\u0644\u0645\u062d\u0644\u064a\u0629 \u0648\u0627\u0644\u062f\u0648\u0644\u064a\u0629<\/a><\/li>\n<li id=\"menu-item-1761\" class=\"menu-item menu-item-type-post_type menu-item-object-page menu-item-1761\"><a href=\"https:\/\/altinderepatent.com\/yurtici-ve-yurtdisi-tasarim-tescil-islemleri\/\">\u0625\u062c\u0631\u0627\u0621\u0627\u062a \u062a\u0633\u062c\u064a\u0644 \u0627\u0644\u062a\u0635\u0627\u0645\u064a\u0645 \u0627\u0644\u0645\u062d\u0644\u064a\u0629 \u0648\u0627\u0644\u062f\u0648\u0644\u064a\u0629<\/a><\/li>\n<li id=\"menu-item-1933\" class=\"menu-item menu-item-type-post_type menu-item-object-page menu-item-1933\"><a href=\"https:\/\/altinderepatent.com\/sinai-mulkiyet-haklari-hukuki-danismanlik-hizmetleri\/\">\u062e\u062f\u0645\u0627\u062a \u0627\u0644\u0627\u0633\u062a\u0634\u0627\u0631\u0627\u062a \u0627\u0644\u0642\u0627\u0646\u0648\u0646\u064a\u0629 \u0627\u0644\u0645\u062a\u0639\u0644\u0642\u0629 \u0628\u062d\u0642\u0648\u0642 \u0627\u0644\u0645\u0644\u0643\u064a\u0629 \u0627\u0644\u0635\u0646\u0627\u0639\u064a\u0629<\/a><\/li>\n<\/ul><\/div>\t\t            <\/div>\r\n    <\/div>\r\n    <!-- End Service Navmenu \r\n    ============================================= -->\r\n\r\n    \t\t<\/div>\n\t\t\t\t<\/div>\n\t\t\t\t<div class=\"elementor-element elementor-element-bdb6dbc elementor-widget elementor-widget-consua_service_cta\" data-id=\"bdb6dbc\" data-element_type=\"widget\" data-widget_type=\"consua_service_cta.default\">\n\t\t\t\t<div class=\"elementor-widget-container\">\n\t\t\t    <!-- Start Service CTA\r\n    ============================================= -->\r\n    <div class=\"single-widget bg-dark quick-contact-widget text-light\" style=\"background-image: url(https:\/\/validthemes.net\/themeforest\/wp\/consua\/wp-content\/uploads\/2023\/09\/15.png);\">\r\n        <div class=\"content\">\r\n            <h3>\u0643\u064a\u0641 \u064a\u0645\u0643\u0646\u0646\u0627 \u0627\u0644\u0645\u0633\u0627\u0639\u062f\u0629\u061f<\/h3>\r\n            <p>\r\n              \u0627\u062a\u0635\u0644 \u0628\u0634\u0631\u0643\u062a\u0646\u0627 \u0648\u062f\u0639\u0646\u0627 \u0646\u062c\u062f \u0625\u062c\u0627\u0628\u0627\u062a \u0644\u0623\u0633\u0626\u0644\u062a\u0643 \u0645\u0639\u064b\u0627.            <\/p>\r\n            <h2>0 (212) 234 97 28<\/h2>            <h4><a href=\"mailto:marka@altinderepatent.com\"> marka@altinderepatent.com <\/a><\/h4>                    <\/div>\r\n    <\/div>\r\n    <!-- End Service CTA -->\r\n\t\t\t<\/div>\n\t\t\t\t<\/div>\n\t\t\t\t\t<\/div>\n\t\t<\/div>\n\t\t\t\t<div class=\"elementor-column elementor-col-50 elementor-top-column elementor-element elementor-element-d15c2c6\" data-id=\"d15c2c6\" data-element_type=\"column\">\n\t\t\t<div class=\"elementor-widget-wrap elementor-element-populated\">\n\t\t\t\t\t\t<div class=\"elementor-element elementor-element-fb6e2f6 elementor-widget elementor-widget-image\" data-id=\"fb6e2f6\" data-element_type=\"widget\" data-widget_type=\"image.default\">\n\t\t\t\t<div class=\"elementor-widget-container\">\n\t\t\t<style>\/*! elementor - v3.22.0 - 26-06-2024 *\/\n.elementor-widget-image{text-align:center}.elementor-widget-image a{display:inline-block}.elementor-widget-image a img[src$=\".svg\"]{width:48px}.elementor-widget-image img{vertical-align:middle;display:inline-block}<\/style>\t\t\t\t\t\t\t\t\t\t<img fetchpriority=\"high\" decoding=\"async\" width=\"1460\" height=\"782\" src=\"https:\/\/altinderepatent.com\/wp-content\/uploads\/2024\/06\/sinai.jpg\" class=\"attachment-full size-full wp-image-2681\" alt=\"\" srcset=\"https:\/\/altinderepatent.com\/wp-content\/uploads\/2024\/06\/sinai.jpg 1460w, https:\/\/altinderepatent.com\/wp-content\/uploads\/2024\/06\/sinai-300x161.jpg 300w, https:\/\/altinderepatent.com\/wp-content\/uploads\/2024\/06\/sinai-1024x548.jpg 1024w, https:\/\/altinderepatent.com\/wp-content\/uploads\/2024\/06\/sinai-768x411.jpg 768w, https:\/\/altinderepatent.com\/wp-content\/uploads\/2024\/06\/sinai-598x321.jpg 598w\" sizes=\"(max-width: 1460px) 100vw, 1460px\" \/>\t\t\t\t\t\t\t\t\t\t\t\t\t<\/div>\n\t\t\t\t<\/div>\n\t\t\t\t<div class=\"elementor-element elementor-element-f1be186 elementor-widget elementor-widget-heading\" data-id=\"f1be186\" data-element_type=\"widget\" data-widget_type=\"heading.default\">\n\t\t\t\t<div class=\"elementor-widget-container\">\n\t\t\t<style>\/*! elementor - v3.22.0 - 26-06-2024 *\/\n.elementor-heading-title{padding:0;margin:0;line-height:1}.elementor-widget-heading .elementor-heading-title[class*=elementor-size-]>a{color:inherit;font-size:inherit;line-height:inherit}.elementor-widget-heading .elementor-heading-title.elementor-size-small{font-size:15px}.elementor-widget-heading .elementor-heading-title.elementor-size-medium{font-size:19px}.elementor-widget-heading .elementor-heading-title.elementor-size-large{font-size:29px}.elementor-widget-heading .elementor-heading-title.elementor-size-xl{font-size:39px}.elementor-widget-heading .elementor-heading-title.elementor-size-xxl{font-size:59px}<\/style><h2 class=\"elementor-heading-title elementor-size-default\">\u062e\u062f\u0645\u0627\u062a \u0627\u0644\u0627\u0633\u062a\u0634\u0627\u0631\u0627\u062a \u0627\u0644\u0642\u0627\u0646\u0648\u0646\u064a\u0629 \u0627\u0644\u0645\u062a\u0639\u0644\u0642\u0629 \u0628\u062d\u0642\u0648\u0642 \u0627\u0644\u0645\u0644\u0643\u064a\u0629 \u0627\u0644\u0635\u0646\u0627\u0639\u064a\u0629<\/h2>\t\t<\/div>\n\t\t\t\t<\/div>\n\t\t\t\t<div class=\"elementor-element elementor-element-2157fe0 elementor-widget elementor-widget-spacer\" data-id=\"2157fe0\" data-element_type=\"widget\" data-widget_type=\"spacer.default\">\n\t\t\t\t<div class=\"elementor-widget-container\">\n\t\t\t<style>\/*! elementor - v3.22.0 - 26-06-2024 *\/\n.elementor-column .elementor-spacer-inner{height:var(--spacer-size)}.e-con{--container-widget-width:100%}.e-con-inner>.elementor-widget-spacer,.e-con>.elementor-widget-spacer{width:var(--container-widget-width,var(--spacer-size));--align-self:var(--container-widget-align-self,initial);--flex-shrink:0}.e-con-inner>.elementor-widget-spacer>.elementor-widget-container,.e-con>.elementor-widget-spacer>.elementor-widget-container{height:100%;width:100%}.e-con-inner>.elementor-widget-spacer>.elementor-widget-container>.elementor-spacer,.e-con>.elementor-widget-spacer>.elementor-widget-container>.elementor-spacer{height:100%}.e-con-inner>.elementor-widget-spacer>.elementor-widget-container>.elementor-spacer>.elementor-spacer-inner,.e-con>.elementor-widget-spacer>.elementor-widget-container>.elementor-spacer>.elementor-spacer-inner{height:var(--container-widget-height,var(--spacer-size))}.e-con-inner>.elementor-widget-spacer.elementor-widget-empty,.e-con>.elementor-widget-spacer.elementor-widget-empty{position:relative;min-height:22px;min-width:22px}.e-con-inner>.elementor-widget-spacer.elementor-widget-empty .elementor-widget-empty-icon,.e-con>.elementor-widget-spacer.elementor-widget-empty .elementor-widget-empty-icon{position:absolute;top:0;bottom:0;left:0;right:0;margin:auto;padding:0;width:22px;height:22px}<\/style>\t\t<div class=\"elementor-spacer\">\n\t\t\t<div class=\"elementor-spacer-inner\"><\/div>\n\t\t<\/div>\n\t\t\t\t<\/div>\n\t\t\t\t<\/div>\n\t\t\t\t<div class=\"elementor-element elementor-element-7e4f3fb elementor-widget elementor-widget-text-editor\" data-id=\"7e4f3fb\" data-element_type=\"widget\" data-widget_type=\"text-editor.default\">\n\t\t\t\t<div class=\"elementor-widget-container\">\n\t\t\t<style>\/*! elementor - v3.22.0 - 26-06-2024 *\/\n.elementor-widget-text-editor.elementor-drop-cap-view-stacked .elementor-drop-cap{background-color:#69727d;color:#fff}.elementor-widget-text-editor.elementor-drop-cap-view-framed .elementor-drop-cap{color:#69727d;border:3px solid;background-color:transparent}.elementor-widget-text-editor:not(.elementor-drop-cap-view-default) .elementor-drop-cap{margin-top:8px}.elementor-widget-text-editor:not(.elementor-drop-cap-view-default) .elementor-drop-cap-letter{width:1em;height:1em}.elementor-widget-text-editor .elementor-drop-cap{float:left;text-align:center;line-height:1;font-size:50px}.elementor-widget-text-editor .elementor-drop-cap-letter{display:inline-block}<\/style>\t\t\t\t<p>\u064a\u0642\u062f\u0645 \u0645\u0643\u062a\u0628 Alt\u0131ndere \u0644\u0628\u0631\u0627\u0621\u0627\u062a \u0627\u0644\u0627\u062e\u062a\u0631\u0627\u0639 \u0644\u062f\u064a\u0646\u0627 \u062e\u062f\u0645\u0627\u062a \u0627\u0633\u062a\u0634\u0627\u0631\u064a\u0629 \u0642\u0627\u0646\u0648\u0646\u064a\u0629 \u0641\u064a \u062d\u0645\u0627\u064a\u0629 \u062d\u0642\u0648\u0642 \u0627\u0644\u0645\u0644\u0643\u064a\u0629 \u0627\u0644\u0641\u0643\u0631\u064a\u0629 \u0648\u0627\u0644\u0635\u0646\u0627\u0639\u064a\u0629 \u0644\u0644\u0639\u0645\u0644\u0627\u0621\u060c \u0648\u062d\u0644 \u0627\u0644\u0646\u0632\u0627\u0639\u0627\u062a \u0648\u0627\u0644\u0642\u0636\u0627\u064a\u0627 \u0627\u0644\u0645\u0633\u062a\u0645\u0631\u0629\u060c \u0648\u062e\u0627\u0635\u0629 \u0627\u0644\u062f\u0639\u0627\u0648\u0649 \u0627\u0644\u0642\u0636\u0627\u0626\u064a\u0629\u060c \u0648\u0645\u062a\u0627\u0628\u0639\u0629 \u0627\u0644\u0645\u0639\u0627\u0645\u0644\u0627\u062a\u060c \u0648\u0627\u0644\u062a\u0631\u062e\u064a\u0635 \u0648\u0627\u0644\u062e\u062f\u0645\u0627\u062a \u0627\u0644\u0627\u0633\u062a\u0634\u0627\u0631\u064a\u0629 \u0641\u064a\u0645\u0627 \u064a\u062a\u0639\u0644\u0642 \u0628\u0642\u0636\u0627\u064a\u0627 \u0627\u0644\u0639\u0644\u0627\u0645\u0627\u062a \u0627\u0644\u062a\u062c\u0627\u0631\u064a\u0629 \u0648\u0627\u0644\u062a\u0635\u0645\u064a\u0645.<\/p><p>\u0634\u0631\u0643\u0629 \u0627\u0644\u0645\u0632\u064a\u062f \u0645\u0646 \u0628\u0631\u0627\u0621\u0627\u062a \u0627\u0644\u0627\u062e\u062a\u0631\u0627\u0639\u0645\u062a\u062e\u0635\u0635\u0629 \u0641\u064a \u0642\u0627\u0646\u0648\u0646 \u0627\u0644\u0645\u0644\u0643\u064a\u0629 \u0627\u0644\u0635\u0646\u0627\u0639\u064a\u0629\u060c \u0648\u062e\u0627\u0635\u0629 \u0641\u064a \u0627\u0644\u0645\u062c\u0627\u0644\u0627\u062a \u0627\u0644\u062a\u0627\u0644\u064a\u0629.<\/p><p>\u0627\u0646\u062a\u0647\u0627\u0643 \u062d\u0642\u0648\u0642 \u0627\u0644\u0645\u0644\u0643\u064a\u0629 \u0627\u0644\u0641\u0643\u0631\u064a\u0629 \u0648\u0627\u0644\u0635\u0646\u0627\u0639\u064a\u0629<br \/>\u0645\u0646\u0627\u0641\u0633\u0629 \u063a\u064a\u0631 \u0639\u0627\u062f\u0644\u0629<br \/>\u062d\u0642\u0648\u0642 \u0627\u0644\u0637\u0628\u0639 \u0648\u0627\u0644\u0646\u0634\u0631<br \/>\u0627\u0644\u0627\u0633\u0645 \u0627\u0644\u062a\u062c\u0627\u0631\u064a<br \/>\u0625\u0639\u062f\u0627\u062f \u0627\u0644\u0639\u0642\u0648\u062f \u0627\u0644\u062f\u0648\u0644\u064a\u0629<br \/>\u0627\u062a\u0641\u0627\u0642\u064a\u0627\u062a \u0627\u0644\u062a\u0648\u0632\u064a\u0639<\/p><p>\u062a\u0642\u062f\u0645 \u0634\u0631\u0643\u0629 Alt\u0131ndere Patent \u062e\u062f\u0645\u0627\u062a \u0627\u0644\u0627\u0633\u062a\u0634\u0627\u0631\u0627\u062a \u0627\u0644\u0642\u0627\u0646\u0648\u0646\u064a\u0629 \u0641\u064a \u062c\u0645\u064a\u0639 \u0627\u0644\u0645\u062c\u0627\u0644\u0627\u062a \u0627\u0644\u0645\u062a\u0639\u0644\u0642\u0629 \u0628\u0627\u0644\u0645\u0644\u0643\u064a\u0629 \u0627\u0644\u0635\u0646\u0627\u0639\u064a\u0629\u060c \u0648\u062a\u0642\u0648\u0645 \u0628\u062a\u0623\u0645\u064a\u0646 \u0645\u0646\u062a\u062c\u0627\u062a \u0648\u062e\u062f\u0645\u0627\u062a \u0639\u0645\u0644\u0627\u0626\u0647\u0627 \u0628\u0634\u0643\u0644 \u0642\u0627\u0646\u0648\u0646\u064a.<\/p><p>\u062a\u0642\u062f\u0645 \u0634\u0631\u0643\u0629 Alt\u0131ndere Patent \u062e\u062f\u0645\u0627\u062a \u0627\u0633\u062a\u0634\u0627\u0631\u064a\u0629 \u0642\u0627\u0646\u0648\u0646\u064a\u0629 \u0641\u064a \u062d\u0644 \u0627\u0644\u0646\u0632\u0627\u0639\u0627\u062a \u0627\u0644\u0645\u062a\u0639\u0644\u0642\u0629 \u0628\u0627\u0644\u0639\u0644\u0627\u0645\u0627\u062a \u0627\u0644\u062a\u062c\u0627\u0631\u064a\u0629 \u0648\u0627\u0644\u062a\u0635\u0645\u064a\u0645 \u0627\u0644\u0635\u0646\u0627\u0639\u064a \u0648\u0628\u0631\u0627\u0621\u0627\u062a \u0627\u0644\u0627\u062e\u062a\u0631\u0627\u0639 \u0648\u063a\u064a\u0631\u0647\u0627 \u0645\u0646 \u0642\u0636\u0627\u064a\u0627 \u0627\u0644\u0645\u0644\u0643\u064a\u0629 \u0627\u0644\u0635\u0646\u0627\u0639\u064a\u0629 \u0648\u0641\u064a \u0627\u0644\u0642\u0636\u0627\u064a\u0627 \u0627\u0644\u062c\u0627\u0631\u064a\u0629.<\/p><p>\u0628\u0639\u0636 \u0627\u0644\u062e\u062f\u0645\u0627\u062a \u0627\u0644\u062a\u064a \u0646\u0642\u062f\u0645\u0647\u0627 \u0641\u064a \u0645\u062c\u0627\u0644 \u0642\u0627\u0646\u0648\u0646 \u0627\u0644\u0645\u0644\u0643\u064a\u0629 \u0627\u0644\u0641\u0643\u0631\u064a\u0629 \u0648\u0627\u0644\u0635\u0646\u0627\u0639\u064a\u0629 \u0647\u064a \u0643\u0645\u0627 \u064a\u0644\u064a:<\/p><p>\u062a\u0642\u062f\u064a\u0645 \u0627\u0644\u062e\u062f\u0645\u0627\u062a \u0627\u0644\u0627\u0633\u062a\u0634\u0627\u0631\u064a\u0629 \u0641\u064a\u0645\u0627 \u064a\u062a\u0639\u0644\u0642 \u0628\u0627\u0644\u0628\u062d\u062b \u0648\u0627\u0644\u062a\u0633\u062c\u064a\u0644 \u0648\u062d\u0645\u0627\u064a\u0629 \u0648\u0646\u0642\u0644 \u0627\u0644\u0639\u0644\u0627\u0645\u0627\u062a \u0627\u0644\u062a\u062c\u0627\u0631\u064a\u0629 \u0648\u0628\u0631\u0627\u0621\u0627\u062a \u0627\u0644\u0627\u062e\u062a\u0631\u0627\u0639 \u0648\u0627\u0644\u0631\u0633\u0648\u0645 \u0648\u0627\u0644\u0646\u0645\u0627\u0630\u062c \u0627\u0644\u0635\u0646\u0627\u0639\u064a\u0629 \u0648\u0646\u0645\u0627\u0630\u062c \u0627\u0644\u0645\u0646\u0641\u0639\u0629\u060c \u0648\u0645\u062a\u0627\u0628\u0639\u0629 \u0639\u0645\u0644\u064a\u0627\u062a \u0627\u0644\u062a\u0642\u0627\u0636\u064a \u0641\u064a \u0646\u0637\u0627\u0642 \u0627\u0644\u0646\u0632\u0627\u0639\u0627\u062a\u060c<br \/>\u062a\u0642\u062f\u064a\u0645 \u0627\u0644\u062e\u062f\u0645\u0627\u062a \u0627\u0644\u0627\u0633\u062a\u0634\u0627\u0631\u064a\u0629 \u0641\u064a \u0645\u0641\u0627\u0648\u0636\u0627\u062a \u0627\u0644\u062a\u0631\u062e\u064a\u0635 \u0648\u0625\u0639\u062f\u0627\u062f \u0627\u062a\u0641\u0627\u0642\u064a\u0627\u062a \u0627\u0644\u062a\u0631\u062e\u064a\u0635\u060c<br \/>\u0645\u062a\u0627\u0628\u0639\u0629 \u0648\u0625\u0646\u0647\u0627\u0621 \u0637\u0644\u0628\u0627\u062a \u0628\u0631\u0627\u0621\u0627\u062a \u0627\u0644\u0627\u062e\u062a\u0631\u0627\u0639 \u0648\u0627\u0644\u0639\u0644\u0627\u0645\u0627\u062a \u0627\u0644\u062a\u062c\u0627\u0631\u064a\u0629 \u0648\u0646\u0645\u0627\u0630\u062c \u0627\u0644\u0645\u0646\u0641\u0639\u0629 \u0648\u063a\u064a\u0631\u0647\u0627 \u0645\u0646 \u0637\u0644\u0628\u0627\u062a \u0627\u0644\u0645\u0644\u0643\u064a\u0629 \u0627\u0644\u0635\u0646\u0627\u0639\u064a\u0629 \u0623\u0645\u0627\u0645 \u0627\u0644\u0633\u0644\u0637\u0627\u062a \u0627\u0644\u062f\u0648\u0644\u064a\u0629 \u0644\u0644\u0645\u0644\u0643\u064a\u0629 \u0627\u0644\u0641\u0643\u0631\u064a\u0629 \u0648\u0645\u062d\u0627\u0643\u0645 \u062d\u0642\u0648\u0642 \u0627\u0644\u0645\u0644\u0643\u064a\u0629 \u0627\u0644\u0641\u0643\u0631\u064a\u0629 \u0648\u0627\u0644\u0635\u0646\u0627\u0639\u064a\u0629 \u0648\u0645\u0639\u0647\u062f \u0628\u0631\u0627\u0621\u0627\u062a \u0627\u0644\u0627\u062e\u062a\u0631\u0627\u0639 \u0627\u0644\u062a\u0631\u0643\u064a.<br \/>\u062a\u0646\u0641\u064a\u0630 \u0648\u0645\u062a\u0627\u0628\u0639\u0629 \u0625\u062c\u0631\u0627\u0621\u0627\u062a \u0627\u0644\u0627\u0639\u062a\u0631\u0627\u0636 \u0623\u0645\u0627\u0645 \u0627\u0644\u0633\u0644\u0637\u0627\u062a \u0627\u0644\u062f\u0648\u0644\u064a\u0629 \u0644\u0644\u0645\u0644\u0643\u064a\u0629 \u0627\u0644\u0641\u0643\u0631\u064a\u0629 \u0648\u0645\u062d\u0627\u0643\u0645 \u062d\u0642\u0648\u0642 \u0627\u0644\u0645\u0644\u0643\u064a\u0629 \u0627\u0644\u0641\u0643\u0631\u064a\u0629 \u0648\u0627\u0644\u0635\u0646\u0627\u0639\u064a\u0629 \u0648\u0645\u0639\u0647\u062f \u0628\u0631\u0627\u0621\u0627\u062a \u0627\u0644\u0627\u062e\u062a\u0631\u0627\u0639 \u0627\u0644\u062a\u0631\u0643\u064a.<br \/>\u0645\u062a\u0627\u0628\u0639\u0629 \u0648\u0625\u0646\u0647\u0627\u0621 \u0642\u0636\u0627\u064a\u0627 \u0627\u0644\u0625\u0644\u063a\u0627\u0621 \u0623\u0645\u0627\u0645 \u0627\u0644\u0645\u062d\u0627\u0643\u0645 \u0627\u0644\u0645\u062f\u0646\u064a\u0629 \u0648\u062d\u0642\u0648\u0642 \u0627\u0644\u0645\u0644\u0643\u064a\u0629 \u0627\u0644\u0641\u0643\u0631\u064a\u0629 \u0648\u0627\u0644\u0635\u0646\u0627\u0639\u064a\u0629 \u0648\u0627\u0644\u0645\u062d\u0643\u0645\u0629 \u0627\u0644\u0639\u0644\u064a\u0627\u060c \u0648\u0645\u062a\u0627\u0628\u0639\u0629 \u0642\u0636\u0627\u064a\u0627 \u0627\u0644\u062a\u0639\u062f\u064a \u0623\u0645\u0627\u0645 \u0627\u0644\u0645\u062d\u0627\u0643\u0645 \u0627\u0644\u062a\u0631\u0643\u064a\u0629\u060c<br \/>\u0645\u062a\u0627\u0628\u0639\u0629 \u0627\u0644\u0642\u0636\u0627\u064a\u0627 \u0627\u0644\u062c\u0646\u0627\u0626\u064a\u0629 \u0648\u0627\u062e\u062a\u062a\u0627\u0645\u0647\u0627 \u0623\u0645\u0627\u0645 \u0627\u0644\u0645\u062d\u0627\u0643\u0645 \u0627\u0644\u062c\u0646\u0627\u0626\u064a\u0629 \u0627\u0644\u0645\u0639\u0646\u064a\u0629 \u0628\u062d\u0642\u0648\u0642 \u0627\u0644\u0645\u0644\u0643\u064a\u0629 \u0627\u0644\u0641\u0643\u0631\u064a\u0629 \u0648\u0627\u0644\u0635\u0646\u0627\u0639\u064a\u0629 \u0648\u0627\u0644\u0645\u062d\u0643\u0645\u0629 \u0627\u0644\u0639\u0644\u064a\u0627\u060c<br \/>\u0627\u0644\u062a\u0641\u0627\u0648\u0636 \u0648\u0625\u0639\u062f\u0627\u062f \u0627\u062a\u0641\u0627\u0642\u064a\u0627\u062a \u0627\u0644\u062a\u0631\u062e\u064a\u0635 \u0627\u0644\u0645\u062a\u0639\u0644\u0642\u0629 \u0628\u0628\u0631\u0627\u0621\u0627\u062a \u0627\u0644\u0627\u062e\u062a\u0631\u0627\u0639 \u0648\u0627\u0644\u0639\u0644\u0627\u0645\u0627\u062a \u0627\u0644\u062a\u062c\u0627\u0631\u064a\u0629 \u0648\u0627\u0644\u062a\u0635\u0645\u064a\u0645\u0627\u062a \u0648\u0627\u0644\u0628\u0631\u0645\u062c\u064a\u0627\u062a \u0648\u0627\u0644\u0645\u0639\u0631\u0641\u0629 \u0648\u063a\u064a\u0631\u0647\u0627 \u0645\u0646 \u062d\u0642\u0648\u0642 \u0627\u0644\u0645\u0644\u0643\u064a\u0629 \u0627\u0644\u0641\u0643\u0631\u064a\u0629 \u0648\u0627\u0644\u0635\u0646\u0627\u0639\u064a\u0629\u060c<br \/>\u0625\u0639\u062f\u0627\u062f \u0627\u0644\u0622\u0631\u0627\u0621 \u0628\u0634\u0623\u0646 \u0627\u0644\u0635\u062d\u0629 \u0648\u0627\u0644\u0645\u062e\u0627\u0644\u0641\u0629\u060c<br \/>\u0645\u062a\u0627\u0628\u0639\u0629 \u0625\u062c\u0631\u0627\u0621\u0627\u062a \u062f\u0639\u0648\u0649 \u0627\u0644\u0645\u062e\u0627\u0644\u0641\u0629 \u0648\u0627\u0644\u0625\u0644\u063a\u0627\u0621.<br \/>\u0645\u062a\u0627\u0628\u0639\u0629 \u0625\u062c\u0631\u0627\u0621\u0627\u062a \u0627\u0646\u062a\u0647\u0627\u0643 \u0627\u0644\u0639\u0644\u0627\u0645\u0627\u062a \u0627\u0644\u062a\u062c\u0627\u0631\u064a\u0629 \u0627\u0644\u062a\u064a \u062a\u062a\u0645 \u0639\u0628\u0631 \u0627\u0644\u0625\u0646\u062a\u0631\u0646\u062a\u060c<br \/>\u0627\u0644\u0642\u064a\u0627\u0645 \u0628\u0623\u0646\u0634\u0637\u0629 \u0627\u0644\u062a\u0645\u062b\u064a\u0644 \u0627\u0644\u0623\u062e\u0631\u0649 \u0623\u0645\u0627\u0645 \u0627\u0644\u0646\u0642\u0627\u0628\u0627\u062a \u0627\u0644\u0645\u0647\u0646\u064a\u0629\u060c<br \/>\u062a\u0642\u062f\u064a\u0645 \u0627\u0644\u062e\u062f\u0645\u0627\u062a \u0627\u0644\u0627\u0633\u062a\u0634\u0627\u0631\u064a\u0629 \u0627\u0644\u0642\u0627\u0646\u0648\u0646\u064a\u0629 \u0641\u064a\u0645\u0627 \u064a\u062a\u0639\u0644\u0642 \u0628\u0628\u064a\u0639 \u0645\u062d\u062a\u0648\u0649 \u0627\u0644\u0645\u0648\u0633\u064a\u0642\u0649 \u0648\u0627\u0644\u0641\u064a\u062f\u064a\u0648 \u0639\u0644\u0649 \u0634\u0628\u0643\u0629 \u0627\u0644\u0625\u0646\u062a\u0631\u0646\u062a \u0648\u0648\u0633\u0627\u0626\u0644 \u0627\u0644\u0625\u0639\u0644\u0627\u0645 \u0627\u0644\u0623\u062e\u0631\u0649.<\/p>\t\t\t\t\t\t<\/div>\n\t\t\t\t<\/div>\n\t\t\t\t\t<\/div>\n\t\t<\/div>\n\t\t\t\t\t<\/div>\n\t\t<\/section>\n\t\t\t\t<\/div>\n\t\t","protected":false},"excerpt":{"rendered":"<p>\u062e\u062f\u0645\u0627\u062a\u0646\u0627 Yurti\u00e7i ve Yurtd\u0131\u015f\u0131 Marka Tescil \u0130\u015flemleri Yurti\u00e7i ve Yurtd\u0131\u015f\u0131 Tasar\u0131m Tescil \u0130\u015flemleri S\u0131nai M\u00fclkiyet Haklar\u0131 Hukuki Dan\u0131\u015fmanl\u0131k Hizmetleri \u0643\u064a\u0641 \u064a\u0645\u0643\u0646\u0646\u0627 \u0627\u0644\u0645\u0633\u0627\u0639\u062f\u0629\u061f \u0627\u062a\u0635\u0644 \u0628\u0634\u0631\u0643\u062a\u0646\u0627 \u0648\u062f\u0639\u0646\u0627 \u0646\u062c\u062f \u0625\u062c\u0627\u0628\u0627\u062a \u0644\u0623\u0633\u0626\u0644\u062a\u0643 \u0645\u0639\u064b\u0627. 0 (212) 234 97 28 marka@altinderepatent.com \u062e\u062f\u0645\u0627\u062a \u0627\u0644\u0627\u0633\u062a\u0634\u0627\u0631\u0627\u062a \u0627\u0644\u0642\u0627\u0646\u0648\u0646\u064a\u0629 \u0627\u0644\u0645\u062a\u0639\u0644\u0642\u0629 \u0628\u062d\u0642\u0648\u0642 \u0627\u0644\u0645\u0644\u0643\u064a\u0629 \u0627\u0644\u0635\u0646\u0627\u0639\u064a\u0629 \u064a\u0642\u062f\u0645 \u0645\u0643\u062a\u0628 Alt\u0131ndere \u0644\u0628\u0631\u0627\u0621\u0627\u062a \u0627\u0644\u0627\u062e\u062a\u0631\u0627\u0639 \u0644\u062f\u064a\u0646\u0627 \u062e\u062f\u0645\u0627\u062a \u0627\u0633\u062a\u0634\u0627\u0631\u064a\u0629 \u0642\u0627\u0646\u0648\u0646\u064a\u0629 \u0641\u064a \u062d\u0645\u0627\u064a\u0629 \u062d\u0642\u0648\u0642 \u0627\u0644\u0645\u0644\u0643\u064a\u0629&#8230;<\/p>\n","protected":false},"author":1,"featured_media":0,"parent":0,"menu_order":0,"comment_status":"closed","ping_status":"closed","template":"elementor_header_footer","meta":{"footnotes":""},"_links":{"self":[{"href":"https:\/\/altinderepatent.com\/ar\/wp-json\/wp\/v2\/pages\/3260"}],"collection":[{"href":"https:\/\/altinderepatent.com\/ar\/wp-json\/wp\/v2\/pages"}],"about":[{"href":"https:\/\/altinderepatent.com\/ar\/wp-json\/wp\/v2\/types\/page"}],"author":[{"embeddable":true,"href":"https:\/\/altinderepatent.com\/ar\/wp-json\/wp\/v2\/users\/1"}],"replies":[{"embeddable":true,"href":"https:\/\/altinderepatent.com\/ar\/wp-json\/wp\/v2\/comments?post=3260"}],"version-history":[{"count":13,"href":"https:\/\/altinderepatent.com\/ar\/wp-json\/wp\/v2\/pages\/3260\/revisions"}],"predecessor-version":[{"id":3532,"href":"https:\/\/altinderepatent.com\/ar\/wp-json\/wp\/v2\/pages\/3260\/revisions\/3532"}],"wp:attachment":[{"href":"https:\/\/altinderepatent.com\/ar\/wp-json\/wp\/v2\/media?parent=3260"}],"curies":[{"name":"wp","href":"https:\/\/api.w.org\/{rel}","templated":true}]}}