{"id":3269,"date":"2023-09-05T18:37:23","date_gmt":"2023-09-05T15:37:23","guid":{"rendered":"https:\/\/altinderepatent.com\/cozumler\/"},"modified":"2024-08-12T19:37:38","modified_gmt":"2024-08-12T16:37:38","slug":"%d8%a7%d9%84%d8%ad%d9%84%d9%88%d9%84","status":"publish","type":"page","link":"https:\/\/altinderepatent.com\/ar\/%d8%a7%d9%84%d8%ad%d9%84%d9%88%d9%84\/","title":{"rendered":"\u0627\u0644\u062d\u0644\u0648\u0644"},"content":{"rendered":"\t\t<div data-elementor-type=\"wp-page\" data-elementor-id=\"3269\" class=\"elementor elementor-3269 elementor-1941\">\n\t\t\t\t\t\t<section class=\"elementor-section elementor-top-section elementor-element elementor-element-93bac14 project-details-area elementor-section-boxed elementor-section-height-default elementor-section-height-default\" data-id=\"93bac14\" data-element_type=\"section\">\n\t\t\t\t\t\t<div class=\"elementor-container elementor-column-gap-no\">\n\t\t\t\t\t<div class=\"elementor-column elementor-col-100 elementor-top-column elementor-element elementor-element-bb33916\" data-id=\"bb33916\" data-element_type=\"column\">\n\t\t\t<div class=\"elementor-widget-wrap elementor-element-populated\">\n\t\t\t\t\t\t<div class=\"elementor-element elementor-element-6032809 elementor-widget elementor-widget-image\" data-id=\"6032809\" data-element_type=\"widget\" data-widget_type=\"image.default\">\n\t\t\t\t<div class=\"elementor-widget-container\">\n\t\t\t<style>\/*! elementor - v3.22.0 - 26-06-2024 *\/\n.elementor-widget-image{text-align:center}.elementor-widget-image a{display:inline-block}.elementor-widget-image a img[src$=\".svg\"]{width:48px}.elementor-widget-image img{vertical-align:middle;display:inline-block}<\/style>\t\t\t\t\t\t\t\t\t\t<img fetchpriority=\"high\" decoding=\"async\" width=\"1920\" height=\"826\" src=\"https:\/\/altinderepatent.com\/wp-content\/uploads\/2024\/06\/patent.jpg\" class=\"attachment-full size-full wp-image-2605\" alt=\"\" srcset=\"https:\/\/altinderepatent.com\/wp-content\/uploads\/2024\/06\/patent.jpg 1920w, https:\/\/altinderepatent.com\/wp-content\/uploads\/2024\/06\/patent-300x129.jpg 300w, https:\/\/altinderepatent.com\/wp-content\/uploads\/2024\/06\/patent-1024x441.jpg 1024w, https:\/\/altinderepatent.com\/wp-content\/uploads\/2024\/06\/patent-768x330.jpg 768w, https:\/\/altinderepatent.com\/wp-content\/uploads\/2024\/06\/patent-1536x661.jpg 1536w\" sizes=\"(max-width: 1920px) 100vw, 1920px\" \/>\t\t\t\t\t\t\t\t\t\t\t\t\t<\/div>\n\t\t\t\t<\/div>\n\t\t\t\t<section class=\"elementor-section elementor-inner-section elementor-element elementor-element-384c621 elementor-section-full_width top-info elementor-section-height-default elementor-section-height-default\" data-id=\"384c621\" data-element_type=\"section\">\n\t\t\t\t\t\t<div class=\"elementor-container elementor-column-gap-no\">\n\t\t\t\t\t<div class=\"elementor-column elementor-col-50 elementor-inner-column elementor-element elementor-element-7293b38\" data-id=\"7293b38\" data-element_type=\"column\">\n\t\t\t<div class=\"elementor-widget-wrap elementor-element-populated\">\n\t\t\t\t\t\t<div class=\"elementor-element elementor-element-524e264 elementor-widget elementor-widget-heading\" data-id=\"524e264\" data-element_type=\"widget\" data-widget_type=\"heading.default\">\n\t\t\t\t<div class=\"elementor-widget-container\">\n\t\t\t<style>\/*! elementor - v3.22.0 - 26-06-2024 *\/\n.elementor-heading-title{padding:0;margin:0;line-height:1}.elementor-widget-heading .elementor-heading-title[class*=elementor-size-]>a{color:inherit;font-size:inherit;line-height:inherit}.elementor-widget-heading .elementor-heading-title.elementor-size-small{font-size:15px}.elementor-widget-heading .elementor-heading-title.elementor-size-medium{font-size:19px}.elementor-widget-heading .elementor-heading-title.elementor-size-large{font-size:29px}.elementor-widget-heading .elementor-heading-title.elementor-size-xl{font-size:39px}.elementor-widget-heading .elementor-heading-title.elementor-size-xxl{font-size:59px}<\/style><h2 class=\"elementor-heading-title elementor-size-default\">\u062d\u0644\u0648\u0644\u0646\u0627<\/h2>\t\t<\/div>\n\t\t\t\t<\/div>\n\t\t\t\t<div class=\"elementor-element elementor-element-3db3f33 elementor-widget elementor-widget-spacer\" data-id=\"3db3f33\" data-element_type=\"widget\" data-widget_type=\"spacer.default\">\n\t\t\t\t<div class=\"elementor-widget-container\">\n\t\t\t<style>\/*! elementor - v3.22.0 - 26-06-2024 *\/\n.elementor-column .elementor-spacer-inner{height:var(--spacer-size)}.e-con{--container-widget-width:100%}.e-con-inner>.elementor-widget-spacer,.e-con>.elementor-widget-spacer{width:var(--container-widget-width,var(--spacer-size));--align-self:var(--container-widget-align-self,initial);--flex-shrink:0}.e-con-inner>.elementor-widget-spacer>.elementor-widget-container,.e-con>.elementor-widget-spacer>.elementor-widget-container{height:100%;width:100%}.e-con-inner>.elementor-widget-spacer>.elementor-widget-container>.elementor-spacer,.e-con>.elementor-widget-spacer>.elementor-widget-container>.elementor-spacer{height:100%}.e-con-inner>.elementor-widget-spacer>.elementor-widget-container>.elementor-spacer>.elementor-spacer-inner,.e-con>.elementor-widget-spacer>.elementor-widget-container>.elementor-spacer>.elementor-spacer-inner{height:var(--container-widget-height,var(--spacer-size))}.e-con-inner>.elementor-widget-spacer.elementor-widget-empty,.e-con>.elementor-widget-spacer.elementor-widget-empty{position:relative;min-height:22px;min-width:22px}.e-con-inner>.elementor-widget-spacer.elementor-widget-empty .elementor-widget-empty-icon,.e-con>.elementor-widget-spacer.elementor-widget-empty .elementor-widget-empty-icon{position:absolute;top:0;bottom:0;left:0;right:0;margin:auto;padding:0;width:22px;height:22px}<\/style>\t\t<div class=\"elementor-spacer\">\n\t\t\t<div class=\"elementor-spacer-inner\"><\/div>\n\t\t<\/div>\n\t\t\t\t<\/div>\n\t\t\t\t<\/div>\n\t\t\t\t<div class=\"elementor-element elementor-element-b37806a elementor-widget elementor-widget-text-editor\" data-id=\"b37806a\" data-element_type=\"widget\" data-widget_type=\"text-editor.default\">\n\t\t\t\t<div class=\"elementor-widget-container\">\n\t\t\t<style>\/*! elementor - v3.22.0 - 26-06-2024 *\/\n.elementor-widget-text-editor.elementor-drop-cap-view-stacked .elementor-drop-cap{background-color:#69727d;color:#fff}.elementor-widget-text-editor.elementor-drop-cap-view-framed .elementor-drop-cap{color:#69727d;border:3px solid;background-color:transparent}.elementor-widget-text-editor:not(.elementor-drop-cap-view-default) .elementor-drop-cap{margin-top:8px}.elementor-widget-text-editor:not(.elementor-drop-cap-view-default) .elementor-drop-cap-letter{width:1em;height:1em}.elementor-widget-text-editor .elementor-drop-cap{float:left;text-align:center;line-height:1;font-size:50px}.elementor-widget-text-editor .elementor-drop-cap-letter{display:inline-block}<\/style>\t\t\t\t<ul><li>\u0637\u0644\u0628\u0627\u062a \u062a\u0633\u062c\u064a\u0644 \u0627\u0644\u0639\u0644\u0627\u0645\u0627\u062a \u0627\u0644\u062a\u062c\u0627\u0631\u064a\u0629 \u0641\u064a \u0623\u0643\u062b\u0631 \u0645\u0646 100 \u062f\u0648\u0644\u0629<br \/>\u0625\u062c\u0631\u0627\u0621\u0627\u062a \u0628\u062d\u062b \u0648\u062a\u0633\u062c\u064a\u0644 \u0627\u0644\u0639\u0644\u0627\u0645\u0627\u062a \u0627\u0644\u062a\u062c\u0627\u0631\u064a\u0629 \u0641\u064a \u062c\u0645\u064a\u0639 \u0623\u0646\u062d\u0627\u0621 \u0627\u0644\u0639\u0627\u0644\u0645<br \/>\u0645\u062a\u0627\u0628\u0639\u0629 \u0645\u0631\u0627\u062d\u0644 \u062a\u0633\u062c\u064a\u0644 \u0627\u0644\u0639\u0644\u0627\u0645\u0629 \u0627\u0644\u062a\u062c\u0627\u0631\u064a\u0629<br \/>\u0627\u0644\u0627\u0633\u062a\u0634\u0627\u0631\u0627\u062a \u0627\u0644\u0645\u062a\u0639\u0644\u0642\u0629 \u0628\u0625\u062c\u0631\u0627\u0621\u0627\u062a \u0627\u0644\u0627\u0639\u062a\u0631\u0627\u0636 \u0639\u0644\u0649 \u0627\u0644\u0637\u0644\u0628\u0627\u062a<br \/>\u0645\u0639\u0627\u0645\u0644\u0627\u062a \u0645\u0627 \u0628\u0639\u062f \u0627\u0644\u062a\u0633\u062c\u064a\u0644 \u0644\u0644\u062a\u0631\u062e\u064a\u0635 \u0648\u0627\u0644\u062a\u062d\u0648\u064a\u0644\u060c \u0648\u0645\u0639\u0627\u0645\u0644\u0627\u062a \u062a\u063a\u064a\u064a\u0631 \u0627\u0644\u0639\u0646\u0648\u0627\u0646 \u0648\u0627\u0644\u0645\u0644\u0643\u064a\u0629 \u0648\u0627\u0644\u0646\u0648\u0639<br \/>\u0639\u0645\u0644\u064a\u0627\u062a \u0645\u0631\u0627\u0642\u0628\u0629 \u0627\u0644\u0639\u0644\u0627\u0645\u0629 \u0627\u0644\u062a\u062c\u0627\u0631\u064a\u0629 \u0648\u062a\u062c\u062f\u064a\u062f\u0647\u0627<br \/>\u0627\u062a\u062e\u0627\u0630 \u0627\u0644\u0625\u062c\u0631\u0627\u0621\u0627\u062a \u0636\u062f \u0627\u0644\u0639\u0644\u0627\u0645\u0627\u062a \u0627\u0644\u062a\u062c\u0627\u0631\u064a\u0629 \u0627\u0644\u0645\u0642\u0644\u062f\u0629 \u0648\u0627\u0644\u0639\u0644\u0627\u0645\u0627\u062a \u0627\u0644\u062a\u062c\u0627\u0631\u064a\u0629 \u0627\u0644\u0645\u0634\u0627\u0628\u0647\u0629<br \/>\u0627\u0644\u0643\u0634\u0641 \u0639\u0646 \u0627\u0644\u0637\u0644\u0628\u0627\u062a \u0627\u0644\u0645\u0634\u0627\u0628\u0647\u0629 \u0645\u0646 \u062e\u0644\u0627\u0644 \u0641\u062d\u0635 \u0646\u0634\u0631\u0627\u062a \u0627\u0644\u0639\u0644\u0627\u0645\u0627\u062a \u0627\u0644\u062a\u062c\u0627\u0631\u064a\u0629<br \/>\u0625\u062e\u0637\u0627\u0631 \u0633\u0631\u064a\u0639 \u0648\u0641\u064a \u0627\u0644\u0648\u0642\u062a \u0627\u0644\u0645\u0646\u0627\u0633\u0628 \u0644\u0644\u062a\u0637\u0628\u064a\u0642\u0627\u062a \u0627\u0644\u0645\u0645\u0627\u062b\u0644\u0629 \u0627\u0644\u062a\u064a \u062a\u0645 \u0627\u0643\u062a\u0634\u0627\u0641\u0647\u0627 \u0645\u0646 \u062e\u0644\u0627\u0644 \u0627\u0644\u0645\u0631\u0627\u0642\u0628\u0629<br \/>\u062e\u062f\u0645\u0629 \u062a\u062a\u0628\u0639 \u0637\u0644\u0628\u0627\u062a \u0627\u0644\u0634\u0631\u0643\u0627\u062a \u0627\u0644\u0645\u0646\u0627\u0641\u0633\u0629<br \/>\u0625\u062c\u0631\u0627\u0621\u0627\u062a \u062a\u0633\u062c\u064a\u0644 \u0627\u0644\u062a\u0635\u0627\u0645\u064a\u0645 \u0627\u0644\u0645\u062d\u0644\u064a\u0629 \u0648\u0627\u0644\u062f\u0648\u0644\u064a\u0629\u060c \u0648\u0625\u062c\u0631\u0627\u0621\u0627\u062a \u0627\u0644\u0627\u0639\u062a\u0631\u0627\u0636 \u0648\u0627\u0644\u0645\u0631\u0627\u0642\u0628\u0629 \u0628\u0639\u062f \u0627\u0644\u062a\u0633\u062c\u064a\u0644 \u0648\u0627\u0644\u062a\u062c\u062f\u064a\u062f<\/li><\/ul>\t\t\t\t\t\t<\/div>\n\t\t\t\t<\/div>\n\t\t\t\t\t<\/div>\n\t\t<\/div>\n\t\t\t\t<div class=\"elementor-column elementor-col-50 elementor-inner-column elementor-element elementor-element-9be22a5\" data-id=\"9be22a5\" data-element_type=\"column\">\n\t\t\t<div class=\"elementor-widget-wrap elementor-element-populated\">\n\t\t\t\t\t\t<div class=\"elementor-element elementor-element-ac9a50a elementor-widget elementor-widget-consua_project_info\" data-id=\"ac9a50a\" data-element_type=\"widget\" data-widget_type=\"consua_project_info.default\">\n\t\t\t\t<div class=\"elementor-widget-container\">\n\t\t\t    <!-- Start Project Style One\r\n    ============================================= -->\r\n    <div class=\"order-lg-last right-info\">\r\n        <div class=\"project-info mt-15\" style=\"background-image: url(https:\/\/altinderepatent.com\/wp-content\/uploads\/2024\/06\/sidebar.png);\">\r\n            <h4 class=\"title\">\u062a\u0641\u0627\u0635\u064a\u0644 \u0627\u0644\u0627\u062a\u0635\u0627\u0644<\/h4>\r\n            <ul>\r\n            \t\t                <li>\r\n\t                    \u0647\u0627\u062a\u0641 <span>\u0627\u0633\u0637\u0646\u0628\u0648\u0644 0 (212) 234 97 28<br>\n\u0645\u0631\u0633\u064a\u0646 0 (324) 336 52 10<\/span>\r\n\t                <\/li>\r\n                \t                <li>\r\n\t                    \u0628\u0631\u064a\u062f \u0625\u0644\u0643\u062a\u0631\u0648\u0646\u064a <span><a href=\"mailto:marka@altinderepatent.com\">marka@altinderepatent.com <\/a><\/span>\r\n\t                <\/li>\r\n                \t                <li>\r\n\t                    \u0639\u0646\u0648\u0627\u0646 <span>\u0639\u0646\u0648\u0627\u0646 \u0645\u0631\u0643\u0632 \u0627\u0633\u0637\u0646\u0628\u0648\u0644: G\u00fcm\u00fc\u015fsuyu Mah. \u0625\u064a\u0646\u0648\u0646\u0648 \u0643\u0627\u062f. \u0631\u0642\u0645: 31 \u0634\u0642\u0629 \u0647\u064a\u0631\u0644\u064a. \u0627\u0644\u0637\u0627\u0628\u0642:8 \u062f:8 \u0628\u064a\u0648\u063a\u0644\u0648\/\u0627\u0633\u0637\u0646\u0628\u0648\u0644<\/span>\r\n\t                <\/li>\r\n                            <\/ul>\r\n            <ul class=\"social\">\r\n                            <\/ul>\r\n        <\/div>\r\n    <\/div>\r\n    <!-- End Project Style One -->\r\n    \t\t<\/div>\n\t\t\t\t<\/div>\n\t\t\t\t\t<\/div>\n\t\t<\/div>\n\t\t\t\t\t<\/div>\n\t\t<\/section>\n\t\t\t\t<section class=\"elementor-section elementor-inner-section elementor-element elementor-element-4cc2115 elementor-section-full_width elementor-section-height-default elementor-section-height-default\" data-id=\"4cc2115\" data-element_type=\"section\">\n\t\t\t\t\t\t<div class=\"elementor-container elementor-column-gap-no\">\n\t\t\t\t\t<div class=\"elementor-column elementor-col-50 elementor-inner-column elementor-element elementor-element-60deac6\" data-id=\"60deac6\" data-element_type=\"column\">\n\t\t\t<div class=\"elementor-widget-wrap elementor-element-populated\">\n\t\t\t\t\t\t<div class=\"elementor-element elementor-element-2bdaf22 elementor-widget elementor-widget-image\" data-id=\"2bdaf22\" data-element_type=\"widget\" data-widget_type=\"image.default\">\n\t\t\t\t<div class=\"elementor-widget-container\">\n\t\t\t\t\t\t\t\t\t\t\t\t\t<img decoding=\"async\" width=\"800\" height=\"600\" src=\"https:\/\/altinderepatent.com\/wp-content\/uploads\/2024\/06\/patent-2.png\" class=\"attachment-full size-full wp-image-2608\" alt=\"\" srcset=\"https:\/\/altinderepatent.com\/wp-content\/uploads\/2024\/06\/patent-2.png 800w, https:\/\/altinderepatent.com\/wp-content\/uploads\/2024\/06\/patent-2-300x225.png 300w, https:\/\/altinderepatent.com\/wp-content\/uploads\/2024\/06\/patent-2-768x576.png 768w, https:\/\/altinderepatent.com\/wp-content\/uploads\/2024\/06\/patent-2-372x279.png 372w\" sizes=\"(max-width: 800px) 100vw, 800px\" \/>\t\t\t\t\t\t\t\t\t\t\t\t\t<\/div>\n\t\t\t\t<\/div>\n\t\t\t\t\t<\/div>\n\t\t<\/div>\n\t\t\t\t<div class=\"elementor-column elementor-col-50 elementor-inner-column elementor-element elementor-element-4d489f5\" data-id=\"4d489f5\" data-element_type=\"column\">\n\t\t\t<div class=\"elementor-widget-wrap elementor-element-populated\">\n\t\t\t\t\t\t<div class=\"elementor-element elementor-element-088b96b elementor-widget elementor-widget-image\" data-id=\"088b96b\" data-element_type=\"widget\" data-widget_type=\"image.default\">\n\t\t\t\t<div class=\"elementor-widget-container\">\n\t\t\t\t\t\t\t\t\t\t\t\t\t<img decoding=\"async\" width=\"800\" height=\"600\" src=\"https:\/\/altinderepatent.com\/wp-content\/uploads\/2024\/06\/patent-3.png\" class=\"attachment-full size-full wp-image-2607\" alt=\"\" srcset=\"https:\/\/altinderepatent.com\/wp-content\/uploads\/2024\/06\/patent-3.png 800w, https:\/\/altinderepatent.com\/wp-content\/uploads\/2024\/06\/patent-3-300x225.png 300w, https:\/\/altinderepatent.com\/wp-content\/uploads\/2024\/06\/patent-3-768x576.png 768w, https:\/\/altinderepatent.com\/wp-content\/uploads\/2024\/06\/patent-3-372x279.png 372w\" sizes=\"(max-width: 800px) 100vw, 800px\" \/>\t\t\t\t\t\t\t\t\t\t\t\t\t<\/div>\n\t\t\t\t<\/div>\n\t\t\t\t\t<\/div>\n\t\t<\/div>\n\t\t\t\t\t<\/div>\n\t\t<\/section>\n\t\t\t\t\t<\/div>\n\t\t<\/div>\n\t\t\t\t\t<\/div>\n\t\t<\/section>\n\t\t\t\t<\/div>\n\t\t","protected":false},"excerpt":{"rendered":"<p>\u062d\u0644\u0648\u0644\u0646\u0627 \u0637\u0644\u0628\u0627\u062a \u062a\u0633\u062c\u064a\u0644 \u0627\u0644\u0639\u0644\u0627\u0645\u0627\u062a \u0627\u0644\u062a\u062c\u0627\u0631\u064a\u0629 \u0641\u064a \u0623\u0643\u062b\u0631 \u0645\u0646 100 \u062f\u0648\u0644\u0629\u0625\u062c\u0631\u0627\u0621\u0627\u062a \u0628\u062d\u062b \u0648\u062a\u0633\u062c\u064a\u0644 \u0627\u0644\u0639\u0644\u0627\u0645\u0627\u062a \u0627\u0644\u062a\u062c\u0627\u0631\u064a\u0629 \u0641\u064a \u062c\u0645\u064a\u0639 \u0623\u0646\u062d\u0627\u0621 \u0627\u0644\u0639\u0627\u0644\u0645\u0645\u062a\u0627\u0628\u0639\u0629 \u0645\u0631\u0627\u062d\u0644 \u062a\u0633\u062c\u064a\u0644 \u0627\u0644\u0639\u0644\u0627\u0645\u0629 \u0627\u0644\u062a\u062c\u0627\u0631\u064a\u0629\u0627\u0644\u0627\u0633\u062a\u0634\u0627\u0631\u0627\u062a \u0627\u0644\u0645\u062a\u0639\u0644\u0642\u0629 \u0628\u0625\u062c\u0631\u0627\u0621\u0627\u062a \u0627\u0644\u0627\u0639\u062a\u0631\u0627\u0636 \u0639\u0644\u0649 \u0627\u0644\u0637\u0644\u0628\u0627\u062a\u0645\u0639\u0627\u0645\u0644\u0627\u062a \u0645\u0627 \u0628\u0639\u062f \u0627\u0644\u062a\u0633\u062c\u064a\u0644 \u0644\u0644\u062a\u0631\u062e\u064a\u0635 \u0648\u0627\u0644\u062a\u062d\u0648\u064a\u0644\u060c \u0648\u0645\u0639\u0627\u0645\u0644\u0627\u062a \u062a\u063a\u064a\u064a\u0631 \u0627\u0644\u0639\u0646\u0648\u0627\u0646 \u0648\u0627\u0644\u0645\u0644\u0643\u064a\u0629 \u0648\u0627\u0644\u0646\u0648\u0639\u0639\u0645\u0644\u064a\u0627\u062a \u0645\u0631\u0627\u0642\u0628\u0629 \u0627\u0644\u0639\u0644\u0627\u0645\u0629 \u0627\u0644\u062a\u062c\u0627\u0631\u064a\u0629 \u0648\u062a\u062c\u062f\u064a\u062f\u0647\u0627\u0627\u062a\u062e\u0627\u0630 \u0627\u0644\u0625\u062c\u0631\u0627\u0621\u0627\u062a \u0636\u062f \u0627\u0644\u0639\u0644\u0627\u0645\u0627\u062a \u0627\u0644\u062a\u062c\u0627\u0631\u064a\u0629 \u0627\u0644\u0645\u0642\u0644\u062f\u0629 \u0648\u0627\u0644\u0639\u0644\u0627\u0645\u0627\u062a \u0627\u0644\u062a\u062c\u0627\u0631\u064a\u0629 \u0627\u0644\u0645\u0634\u0627\u0628\u0647\u0629\u0627\u0644\u0643\u0634\u0641 \u0639\u0646 \u0627\u0644\u0637\u0644\u0628\u0627\u062a \u0627\u0644\u0645\u0634\u0627\u0628\u0647\u0629 \u0645\u0646 \u062e\u0644\u0627\u0644 \u0641\u062d\u0635&#8230;<\/p>\n","protected":false},"author":1,"featured_media":0,"parent":0,"menu_order":0,"comment_status":"closed","ping_status":"closed","template":"elementor_header_footer","meta":{"footnotes":""},"_links":{"self":[{"href":"https:\/\/altinderepatent.com\/ar\/wp-json\/wp\/v2\/pages\/3269"}],"collection":[{"href":"https:\/\/altinderepatent.com\/ar\/wp-json\/wp\/v2\/pages"}],"about":[{"href":"https:\/\/altinderepatent.com\/ar\/wp-json\/wp\/v2\/types\/page"}],"author":[{"embeddable":true,"href":"https:\/\/altinderepatent.com\/ar\/wp-json\/wp\/v2\/users\/1"}],"replies":[{"embeddable":true,"href":"https:\/\/altinderepatent.com\/ar\/wp-json\/wp\/v2\/comments?post=3269"}],"version-history":[{"count":13,"href":"https:\/\/altinderepatent.com\/ar\/wp-json\/wp\/v2\/pages\/3269\/revisions"}],"predecessor-version":[{"id":3529,"href":"https:\/\/altinderepatent.com\/ar\/wp-json\/wp\/v2\/pages\/3269\/revisions\/3529"}],"wp:attachment":[{"href":"https:\/\/altinderepatent.com\/ar\/wp-json\/wp\/v2\/media?parent=3269"}],"curies":[{"name":"wp","href":"https:\/\/api.w.org\/{rel}","templated":true}]}}