{"id":3271,"date":"2023-09-07T04:35:51","date_gmt":"2023-09-07T01:35:51","guid":{"rendered":"https:\/\/altinderepatent.com\/bilgi-bankasi\/"},"modified":"2024-08-12T19:35:49","modified_gmt":"2024-08-12T16:35:49","slug":"%d8%a8%d9%86%d9%83-%d8%a7%d9%84%d8%a8%d9%8a%d8%a7%d9%86%d8%a7%d8%aa","status":"publish","type":"page","link":"https:\/\/altinderepatent.com\/ar\/%d8%a8%d9%86%d9%83-%d8%a7%d9%84%d8%a8%d9%8a%d8%a7%d9%86%d8%a7%d8%aa\/","title":{"rendered":"\u0628\u0646\u0643 \u0627\u0644\u0628\u064a\u0627\u0646\u0627\u062a"},"content":{"rendered":"\t\t<div data-elementor-type=\"wp-page\" data-elementor-id=\"3271\" class=\"elementor elementor-3271 elementor-2106\">\n\t\t\t\t\t\t<section class=\"elementor-section elementor-top-section elementor-element elementor-element-8a0a8a9 elementor-section-full_width elementor-section-height-default elementor-section-height-default\" data-id=\"8a0a8a9\" data-element_type=\"section\">\n\t\t\t\t\t\t<div class=\"elementor-container elementor-column-gap-no\">\n\t\t\t\t\t<div class=\"elementor-column elementor-col-100 elementor-top-column elementor-element elementor-element-3462544\" data-id=\"3462544\" data-element_type=\"column\">\n\t\t\t<div class=\"elementor-widget-wrap elementor-element-populated\">\n\t\t\t\t\t\t<div class=\"elementor-element elementor-element-b622067 elementor-widget elementor-widget-consua_faq_widget\" data-id=\"b622067\" data-element_type=\"widget\" data-widget_type=\"consua_faq_widget.default\">\n\t\t\t\t<div class=\"elementor-widget-container\">\n\t\t\t\r\n\t <!-- Start Faq Area \r\n    ============================================= -->\r\n    <div class=\"faq-area bg-gray default-padding\">\r\n        <!-- End Shape -->\r\n        <div class=\"container\">\r\n            <div class=\"row\">\r\n                <div class=\"col-lg-4 mb-md-30 mb-xs-30\">\r\n                    <div class=\"faq-sidebar\">\r\n                        <div class=\"faq-sidebar-item bg-theme text-light\" style=\"background-image: url(https:\/\/validthemes.net\/themeforest\/wp\/consua\/wp-content\/uploads\/2023\/09\/map-light.png);\">\r\n                            <h4>\u062e\u062f\u0645\u0627\u062a\u0646\u0627<\/h4>\r\n                            \t\t\t\t\t            <div class=\"menu-service-sidebar-menu-container\"><ul id=\"menu-service-sidebar-menu\" class=\"menu\"><li id=\"menu-item-1935\" class=\"menu-item menu-item-type-post_type menu-item-object-page menu-item-1935\"><a href=\"https:\/\/altinderepatent.com\/yurtici-ve-yurtdisi-marka-tescil-islemleri\/\">\u0625\u062c\u0631\u0627\u0621\u0627\u062a \u062a\u0633\u062c\u064a\u0644 \u0627\u0644\u0639\u0644\u0627\u0645\u0627\u062a \u0627\u0644\u062a\u062c\u0627\u0631\u064a\u0629 \u0627\u0644\u0645\u062d\u0644\u064a\u0629 \u0648\u0627\u0644\u062f\u0648\u0644\u064a\u0629<\/a><\/li>\n<li id=\"menu-item-1761\" class=\"menu-item menu-item-type-post_type menu-item-object-page menu-item-1761\"><a href=\"https:\/\/altinderepatent.com\/yurtici-ve-yurtdisi-tasarim-tescil-islemleri\/\">\u0625\u062c\u0631\u0627\u0621\u0627\u062a \u062a\u0633\u062c\u064a\u0644 \u0627\u0644\u062a\u0635\u0627\u0645\u064a\u0645 \u0627\u0644\u0645\u062d\u0644\u064a\u0629 \u0648\u0627\u0644\u062f\u0648\u0644\u064a\u0629<\/a><\/li>\n<li id=\"menu-item-1933\" class=\"menu-item menu-item-type-post_type menu-item-object-page menu-item-1933\"><a href=\"https:\/\/altinderepatent.com\/sinai-mulkiyet-haklari-hukuki-danismanlik-hizmetleri\/\">\u062e\u062f\u0645\u0627\u062a \u0627\u0644\u0627\u0633\u062a\u0634\u0627\u0631\u0627\u062a \u0627\u0644\u0642\u0627\u0646\u0648\u0646\u064a\u0629 \u0627\u0644\u0645\u062a\u0639\u0644\u0642\u0629 \u0628\u062d\u0642\u0648\u0642 \u0627\u0644\u0645\u0644\u0643\u064a\u0629 \u0627\u0644\u0635\u0646\u0627\u0639\u064a\u0629<\/a><\/li>\n<\/ul><\/div>\t\t\t\t\t                                <\/div>\r\n                    <\/div>\r\n                <\/div>\r\n                <div class=\"col-lg-8 faq-style-one dark pl-50 pl-md-15 pl-xs-15\">\r\n\r\n                    <h2 class=\"title mb-40\">\u0625\u0644\u064a\u0643 \u0645\u0627 \u062a\u062d\u062a\u0627\u062c \u0625\u0644\u0649 \u0645\u0639\u0631\u0641\u062a\u0647 \u0642\u0628\u0644 \u0627\u0644\u0628\u062f\u0621 \u0628\u0623\u064a \u0634\u064a\u0621.<\/h2>\r\n                    \r\n                    <div class=\"accordion\" id=\"faqAccordion\">\r\n\r\n\t\t\t        \t\t\t\t            <div class=\"accordion-item\">\r\n\t\t\t                <h2 class=\"accordion-header\" id=\"heading1\">\r\n\t\t\t                    <button class=\"accordion-button \" type=\"button\" data-bs-toggle=\"collapse\" data-bs-target=\"#collapse1\" aria-expanded=\"true\" aria-controls=\"heading1\">\r\n\t\t\t                       \u0645\u0627 \u0647\u064a \u0641\u0626\u0627\u062a \u0627\u0644\u0639\u0644\u0627\u0645\u0627\u062a \u0627\u0644\u062a\u062c\u0627\u0631\u064a\u0629\u061f\t\t\t                    <\/button>\r\n\t\t\t                <\/h2>\r\n\t\t\t                <div id=\"collapse1\" class=\"accordion-collapse collapse show\" aria-labelledby=\"heading1\" data-bs-parent=\"#faqAccordion\">\r\n\t\t\t                    <div class=\"accordion-body\">\r\n\t\t\t                        <p>\r\n\t\t\t                          \t\u062a\u062a\u0643\u0648\u0646 \u0642\u0627\u0626\u0645\u0629 \u062a\u0635\u0646\u064a\u0641 \u0627\u0644\u0633\u0644\u0639 \u0648\u0627\u0644\u062e\u062f\u0645\u0627\u062a\u060c \u0648\u0627\u0644\u062a\u064a \u062a\u0639\u062f \u0627\u0644\u0623\u0633\u0627\u0633 \u0644\u0637\u0644\u0628\u0627\u062a \u062a\u0633\u062c\u064a\u0644 \u0627\u0644\u0639\u0644\u0627\u0645\u0627\u062a \u0627\u0644\u062a\u062c\u0627\u0631\u064a\u0629 \u0627\u0644\u0645\u0642\u062f\u0645\u0629 \u0625\u0644\u0649 \u0645\u0643\u062a\u0628 \u0628\u0631\u0627\u0621\u0627\u062a \u0627\u0644\u0627\u062e\u062a\u0631\u0627\u0639 \u0648\u0627\u0644\u0639\u0644\u0627\u0645\u0627\u062a \u0627\u0644\u062a\u062c\u0627\u0631\u064a\u0629 \u0627\u0644\u062a\u0631\u0643\u064a\u060c \u0645\u0646 45 \u0641\u0626\u0629\u060c \u0628\u0645\u0627 \u0641\u064a \u0630\u0644\u0643 \u0627\u0644\u0645\u0646\u062a\u062c\u0627\u062a \u0648\u0627\u0644\u062e\u062f\u0645\u0627\u062a. \u0623\u0648\u0644 34 \u0639\u0646\u0635\u0631\u064b\u0627 \u0641\u064a \u0642\u0627\u0626\u0645\u0629 \u0627\u0644\u0641\u0626\u0627\u062a \u0647\u064a \u0641\u0626\u0627\u062a \u0627\u0644\u0645\u0646\u062a\u062c\u0627\u062a\u060c \u0648\u0622\u062e\u0631 11 \u0639\u0646\u0635\u0631\u064b\u0627 \u0647\u064a \u0641\u0626\u0627\u062a \u0627\u0644\u062e\u062f\u0645\u0629.\t\t\t                        <\/p>\r\n\t\t\t                    <\/div>\r\n\t\t\t                <\/div>\r\n\t\t\t            <\/div>\r\n\t\t\t           \t\t\t\t            <div class=\"accordion-item\">\r\n\t\t\t                <h2 class=\"accordion-header\" id=\"heading2\">\r\n\t\t\t                    <button class=\"accordion-button collapsed\" type=\"button\" data-bs-toggle=\"collapse\" data-bs-target=\"#collapse2\" aria-expanded=\"true\" aria-controls=\"heading2\">\r\n\t\t\t                       \u0645\u0627 \u0647\u0648 \u062a\u0631\u062e\u064a\u0635 \u0627\u0644\u0639\u0644\u0627\u0645\u0629 \u0627\u0644\u062a\u062c\u0627\u0631\u064a\u0629\u061f\t\t\t                    <\/button>\r\n\t\t\t                <\/h2>\r\n\t\t\t                <div id=\"collapse2\" class=\"accordion-collapse collapse \" aria-labelledby=\"heading2\" data-bs-parent=\"#faqAccordion\">\r\n\t\t\t                    <div class=\"accordion-body\">\r\n\t\t\t                        <p>\r\n\t\t\t                          \t\u062a\u0631\u062e\u064a\u0635 \u0627\u0644\u0639\u0644\u0627\u0645\u0629 \u0627\u0644\u062a\u062c\u0627\u0631\u064a\u0629 \u064a\u0639\u0646\u064a \u0623\u0646 \u0645\u0627\u0644\u0643 \u062a\u0633\u062c\u064a\u0644 \u0627\u0644\u0639\u0644\u0627\u0645\u0629 \u0627\u0644\u062a\u062c\u0627\u0631\u064a\u0629 \u064a\u062c\u0639\u0644 \u062d\u0642\u0648\u0642 \u0627\u0644\u0627\u0633\u062a\u062e\u062f\u0627\u0645 \u0648\u0627\u0644\u062d\u0645\u0627\u064a\u0629 \u0645\u062a\u0627\u062d\u0629 \u0644\u0634\u062e\u0635 \u0637\u0628\u064a\u0639\u064a \u0623\u0648 \u0627\u0639\u062a\u0628\u0627\u0631\u064a \u0622\u062e\u0631.\t\t\t                        <\/p>\r\n\t\t\t                    <\/div>\r\n\t\t\t                <\/div>\r\n\t\t\t            <\/div>\r\n\t\t\t           \t\t\t\t            <div class=\"accordion-item\">\r\n\t\t\t                <h2 class=\"accordion-header\" id=\"heading3\">\r\n\t\t\t                    <button class=\"accordion-button collapsed\" type=\"button\" data-bs-toggle=\"collapse\" data-bs-target=\"#collapse3\" aria-expanded=\"true\" aria-controls=\"heading3\">\r\n\t\t\t                       \u0645\u0627 \u0647\u064a \u0627\u0644\u0639\u0644\u0627\u0645\u0629 \u0627\u0644\u062a\u062c\u0627\u0631\u064a\u0629 \u0627\u0644\u0645\u0634\u0647\u0648\u0631\u0629\u061f\t\t\t                    <\/button>\r\n\t\t\t                <\/h2>\r\n\t\t\t                <div id=\"collapse3\" class=\"accordion-collapse collapse \" aria-labelledby=\"heading3\" data-bs-parent=\"#faqAccordion\">\r\n\t\t\t                    <div class=\"accordion-body\">\r\n\t\t\t                        <p>\r\n\t\t\t                          \t\u0648\u064a\u0634\u064a\u0631 \u0625\u0644\u0649 \u0627\u0644\u0639\u0644\u0627\u0645\u0627\u062a \u0627\u0644\u062a\u062c\u0627\u0631\u064a\u0629 \u0627\u0644\u062a\u064a \u0648\u0635\u0644\u062a \u0625\u0644\u0649 \u0645\u0633\u062a\u0648\u0649 \u0627\u0644\u0648\u0639\u064a \u0648\u0627\u0644\u0627\u0639\u062a\u0631\u0627\u0641 \u0645\u0646 \u0642\u0628\u0644 \u062c\u0645\u064a\u0639 \u0634\u0631\u0627\u0626\u062d \u0627\u0644\u0645\u062c\u062a\u0645\u0639\u060c \u0628\u0645\u0627 \u0641\u064a \u0630\u0644\u0643 \u062c\u0645\u0647\u0648\u0631\u0647\u0627 \u0627\u0644\u0645\u0633\u062a\u0647\u062f\u0641\u060c \u0648\u0627\u0644\u062a\u064a \u062a\u0631\u062a\u0628\u0637 \u0628\u0634\u0643\u0644 \u0627\u0646\u0639\u0643\u0627\u0633\u064a \u0628\u0645\u0646\u062a\u062c \u0623\u0648 \u0639\u0645\u0644 \u0645\u0639\u064a\u0646 \u0641\u064a \u0627\u0644\u0623\u0630\u0647\u0627\u0646 \u062f\u0648\u0646 \u0627\u0644\u062d\u0627\u062c\u0629 \u0625\u0644\u0649 \u0623\u064a \u062a\u0630\u0643\u064a\u0631.\t\t\t                        <\/p>\r\n\t\t\t                    <\/div>\r\n\t\t\t                <\/div>\r\n\t\t\t            <\/div>\r\n\t\t\t           \t\t\t\t            <div class=\"accordion-item\">\r\n\t\t\t                <h2 class=\"accordion-header\" id=\"heading4\">\r\n\t\t\t                    <button class=\"accordion-button collapsed\" type=\"button\" data-bs-toggle=\"collapse\" data-bs-target=\"#collapse4\" aria-expanded=\"true\" aria-controls=\"heading4\">\r\n\t\t\t                       \u0645\u0627 \u0647\u064a \u0627\u0644\u0639\u0644\u0627\u0645\u0629 \u0627\u0644\u062a\u062c\u0627\u0631\u064a\u0629 \u0644\u0645\u062c\u062a\u0645\u0639 \u0627\u0644\u0627\u062a\u062d\u0627\u062f \u0627\u0644\u0623\u0648\u0631\u0648\u0628\u064a\u061f\t\t\t                    <\/button>\r\n\t\t\t                <\/h2>\r\n\t\t\t                <div id=\"collapse4\" class=\"accordion-collapse collapse \" aria-labelledby=\"heading4\" data-bs-parent=\"#faqAccordion\">\r\n\t\t\t                    <div class=\"accordion-body\">\r\n\t\t\t                        <p>\r\n\t\t\t                          \t\u0646\u0638\u0627\u0645 \u0627\u0644\u0639\u0644\u0627\u0645\u0627\u062a \u0627\u0644\u062a\u062c\u0627\u0631\u064a\u0629 \u0644\u0645\u062c\u062a\u0645\u0639 \u0627\u0644\u0627\u062a\u062d\u0627\u062f \u0627\u0644\u0623\u0648\u0631\u0648\u0628\u064a \u0647\u0648 \u0646\u0638\u0627\u0645 \u064a\u0636\u0645\u0646 \u062a\u0633\u062c\u064a\u0644\u0627\u062a \u0627\u0644\u0639\u0644\u0627\u0645\u0627\u062a \u0627\u0644\u062a\u062c\u0627\u0631\u064a\u0629 \u0628\u064a\u0646 \u0627\u0644\u062f\u0648\u0644 \u0627\u0644\u0623\u0639\u0636\u0627\u0621 \u0641\u064a \u0627\u0644\u0627\u062a\u062d\u0627\u062f \u0627\u0644\u0623\u0648\u0631\u0648\u0628\u064a \u0648\u062d\u0645\u0627\u064a\u0629 \u062a\u0633\u062c\u064a\u0644\u0627\u062a \u0627\u0644\u0639\u0644\u0627\u0645\u0627\u062a \u0627\u0644\u062a\u062c\u0627\u0631\u064a\u0629 \u0647\u0630\u0647 \u062f\u0627\u062e\u0644 \u0627\u0644\u062f\u0648\u0644 \u0627\u0644\u0623\u0639\u0636\u0627\u0621 \u0641\u064a \u0627\u0644\u0627\u062a\u062d\u0627\u062f \u0627\u0644\u0623\u0648\u0631\u0648\u0628\u064a. \u0648\u0628\u0641\u0636\u0644 \u0647\u0630\u0627 \u0627\u0644\u0646\u0638\u0627\u0645\u060c \u0641\u0625\u0646\u0647 \u064a\u0633\u0647\u0644 \u0625\u062c\u0631\u0627\u0621\u0627\u062a \u062a\u0633\u062c\u064a\u0644 \u0627\u0644\u0639\u0644\u0627\u0645\u0627\u062a \u0627\u0644\u062a\u062c\u0627\u0631\u064a\u0629 \u0644\u0644\u0623\u0634\u062e\u0627\u0635 \u0627\u0644\u062d\u0642\u064a\u0642\u064a\u064a\u0646 \u0623\u0648 \u0627\u0644\u0627\u0639\u062a\u0628\u0627\u0631\u064a\u064a\u0646 \u0641\u064a \u0627\u0644\u0628\u0644\u062f\u0627\u0646 \u0627\u0644\u0623\u0639\u0636\u0627\u0621 \u0648\u064a\u062a\u064a\u062d \u0625\u062c\u0631\u0627\u0621 \u062a\u0633\u062c\u064a\u0644 \u0627\u0644\u0639\u0644\u0627\u0645\u0627\u062a \u0627\u0644\u062a\u062c\u0627\u0631\u064a\u0629 \u0639\u0644\u0649 \u0646\u0637\u0627\u0642 \u0623\u0648\u0633\u0639.\t\t\t                        <\/p>\r\n\t\t\t                    <\/div>\r\n\t\t\t                <\/div>\r\n\t\t\t            <\/div>\r\n\t\t\t           \t\t\t\t            <div class=\"accordion-item\">\r\n\t\t\t                <h2 class=\"accordion-header\" id=\"heading5\">\r\n\t\t\t                    <button class=\"accordion-button collapsed\" type=\"button\" data-bs-toggle=\"collapse\" data-bs-target=\"#collapse5\" aria-expanded=\"true\" aria-controls=\"heading5\">\r\n\t\t\t                       \u0645\u0627 \u0647\u0648 \u0627\u0644\u062a\u0637\u0628\u064a\u0642 \u0627\u0644\u0648\u0637\u0646\u064a\u061f\t\t\t                    <\/button>\r\n\t\t\t                <\/h2>\r\n\t\t\t                <div id=\"collapse5\" class=\"accordion-collapse collapse \" aria-labelledby=\"heading5\" data-bs-parent=\"#faqAccordion\">\r\n\t\t\t                    <div class=\"accordion-body\">\r\n\t\t\t                        <p>\r\n\t\t\t                          \t\u062a\u0639\u062a\u0631\u0641 \u0627\u0644\u062a\u0637\u0628\u064a\u0642\u0627\u062a \u0627\u0644\u0625\u0642\u0644\u064a\u0645\u064a\u0629 \u0628\u062d\u0642\u0648\u0642 \u062a\u0633\u062c\u064a\u0644\u0627\u062a \u0627\u0644\u0639\u0644\u0627\u0645\u0627\u062a \u0627\u0644\u062a\u062c\u0627\u0631\u064a\u0629 \u0641\u064a \u0630\u0644\u0643 \u0627\u0644\u0628\u0644\u062f \u0628\u0627\u0644\u0625\u0636\u0627\u0641\u0629 \u0625\u0644\u0649 \u062d\u0642\u0648\u0642 \u0627\u0644\u0639\u0644\u0627\u0645\u0629 \u0627\u0644\u062a\u062c\u0627\u0631\u064a\u0629 \u0641\u064a \u0628\u0644\u062f\u0647\u0627\u060c \u0644\u0630\u0627 \u0641\u0625\u0646 \u0645\u0633\u062c\u0644\u064a \u0627\u0644\u0639\u0644\u0627\u0645\u0627\u062a \u0627\u0644\u062a\u062c\u0627\u0631\u064a\u0629 \u064a\u062a\u0648\u062e\u0648\u0646 \u0627\u0644\u062f\u0642\u0629 \u0628\u0634\u0623\u0646 \u0647\u0630\u0647 \u0627\u0644\u0645\u0634\u0643\u0644\u0629.\t\t\t                        <\/p>\r\n\t\t\t                    <\/div>\r\n\t\t\t                <\/div>\r\n\t\t\t            <\/div>\r\n\t\t\t           \t\t\t\t            <div class=\"accordion-item\">\r\n\t\t\t                <h2 class=\"accordion-header\" id=\"heading6\">\r\n\t\t\t                    <button class=\"accordion-button collapsed\" type=\"button\" data-bs-toggle=\"collapse\" data-bs-target=\"#collapse6\" aria-expanded=\"true\" aria-controls=\"heading6\">\r\n\t\t\t                       \u062a\u0637\u0628\u064a\u0642 \u0645\u062a\u0639\u062f\u062f \u0627\u0644\u0628\u0644\u062f\u0627\u0646 \u0645\u0627 \u0647\u0648 \u0646\u0638\u0627\u0645 \u0645\u062f\u0631\u064a\u062f\u061f\t\t\t                    <\/button>\r\n\t\t\t                <\/h2>\r\n\t\t\t                <div id=\"collapse6\" class=\"accordion-collapse collapse \" aria-labelledby=\"heading6\" data-bs-parent=\"#faqAccordion\">\r\n\t\t\t                    <div class=\"accordion-body\">\r\n\t\t\t                        <p>\r\n\t\t\t                          \t\u0646\u0638\u0627\u0645 \u0645\u062f\u0631\u064a\u062f\u060c \u0627\u0644\u0645\u0639\u0631\u0648\u0641 \u0623\u064a\u0636\u064b\u0627 \u0628\u0627\u0633\u0645 \u0627\u0644\u0637\u0644\u0628 \u0627\u0644\u0645\u062a\u0639\u062f\u062f \u0627\u0644\u0628\u0644\u062f\u0627\u0646\u060c \u0647\u0648 \u0646\u0638\u0627\u0645 \u064a\u062a\u064a\u062d \u0627\u0644\u062a\u0633\u062c\u064a\u0644 \u0627\u0644\u062f\u0648\u0644\u064a \u0644\u0644\u0639\u0644\u0627\u0645\u0627\u062a \u0627\u0644\u062a\u062c\u0627\u0631\u064a\u0629 \u0641\u064a \u0623\u0643\u062b\u0631 \u0645\u0646 \u0628\u0644\u062f \u0628\u0637\u0644\u0628 \u0648\u0627\u062d\u062f \u0648\u0628\u0644\u063a\u0629 \u0648\u0627\u062d\u062f\u0629.\t\t\t                        <\/p>\r\n\t\t\t                    <\/div>\r\n\t\t\t                <\/div>\r\n\t\t\t            <\/div>\r\n\t\t\t           \t \r\n\t\t\t        <\/div>\r\n\r\n                <\/div>\r\n            <\/div>\r\n        <\/div>\r\n    <\/div>\r\n    <!-- End Faq Area -->\r\n\r\n\t\t\t<\/div>\n\t\t\t\t<\/div>\n\t\t\t\t\t<\/div>\n\t\t<\/div>\n\t\t\t\t\t<\/div>\n\t\t<\/section>\n\t\t\t\t<\/div>\n\t\t","protected":false},"excerpt":{"rendered":"<p>\u062e\u062f\u0645\u0627\u062a\u0646\u0627 Yurti\u00e7i ve Yurtd\u0131\u015f\u0131 Marka Tescil \u0130\u015flemleri Yurti\u00e7i ve Yurtd\u0131\u015f\u0131 Tasar\u0131m Tescil \u0130\u015flemleri S\u0131nai M\u00fclkiyet Haklar\u0131 Hukuki Dan\u0131\u015fmanl\u0131k Hizmetleri \u0625\u0644\u064a\u0643 \u0645\u0627 \u062a\u062d\u062a\u0627\u062c \u0625\u0644\u0649 \u0645\u0639\u0631\u0641\u062a\u0647 \u0642\u0628\u0644 \u0627\u0644\u0628\u062f\u0621 \u0628\u0623\u064a \u0634\u064a\u0621. \u0645\u0627 \u0647\u064a \u0641\u0626\u0627\u062a \u0627\u0644\u0639\u0644\u0627\u0645\u0627\u062a \u0627\u0644\u062a\u062c\u0627\u0631\u064a\u0629\u061f \u062a\u062a\u0643\u0648\u0646 \u0642\u0627\u0626\u0645\u0629 \u062a\u0635\u0646\u064a\u0641 \u0627\u0644\u0633\u0644\u0639 \u0648\u0627\u0644\u062e\u062f\u0645\u0627\u062a\u060c \u0648\u0627\u0644\u062a\u064a \u062a\u0639\u062f \u0627\u0644\u0623\u0633\u0627\u0633 \u0644\u0637\u0644\u0628\u0627\u062a \u062a\u0633\u062c\u064a\u0644 \u0627\u0644\u0639\u0644\u0627\u0645\u0627\u062a \u0627\u0644\u062a\u062c\u0627\u0631\u064a\u0629 \u0627\u0644\u0645\u0642\u062f\u0645\u0629 \u0625\u0644\u0649 \u0645\u0643\u062a\u0628 \u0628\u0631\u0627\u0621\u0627\u062a \u0627\u0644\u0627\u062e\u062a\u0631\u0627\u0639 \u0648\u0627\u0644\u0639\u0644\u0627\u0645\u0627\u062a \u0627\u0644\u062a\u062c\u0627\u0631\u064a\u0629 \u0627\u0644\u062a\u0631\u0643\u064a\u060c \u0645\u0646 45&#8230;<\/p>\n","protected":false},"author":1,"featured_media":0,"parent":0,"menu_order":0,"comment_status":"closed","ping_status":"closed","template":"elementor_header_footer","meta":{"footnotes":""},"_links":{"self":[{"href":"https:\/\/altinderepatent.com\/ar\/wp-json\/wp\/v2\/pages\/3271"}],"collection":[{"href":"https:\/\/altinderepatent.com\/ar\/wp-json\/wp\/v2\/pages"}],"about":[{"href":"https:\/\/altinderepatent.com\/ar\/wp-json\/wp\/v2\/types\/page"}],"author":[{"embeddable":true,"href":"https:\/\/altinderepatent.com\/ar\/wp-json\/wp\/v2\/users\/1"}],"replies":[{"embeddable":true,"href":"https:\/\/altinderepatent.com\/ar\/wp-json\/wp\/v2\/comments?post=3271"}],"version-history":[{"count":13,"href":"https:\/\/altinderepatent.com\/ar\/wp-json\/wp\/v2\/pages\/3271\/revisions"}],"predecessor-version":[{"id":3526,"href":"https:\/\/altinderepatent.com\/ar\/wp-json\/wp\/v2\/pages\/3271\/revisions\/3526"}],"wp:attachment":[{"href":"https:\/\/altinderepatent.com\/ar\/wp-json\/wp\/v2\/media?parent=3271"}],"curies":[{"name":"wp","href":"https:\/\/api.w.org\/{rel}","templated":true}]}}