{"id":3176,"date":"2023-08-30T19:04:13","date_gmt":"2023-08-30T16:04:13","guid":{"rendered":"https:\/\/altinderepatent.com\/ekibimiz\/"},"modified":"2024-08-26T14:14:27","modified_gmt":"2024-08-26T11:14:27","slug":"our-team","status":"publish","type":"page","link":"https:\/\/altinderepatent.com\/en\/our-team\/","title":{"rendered":"Team"},"content":{"rendered":"\t\t<div data-elementor-type=\"wp-page\" data-elementor-id=\"3176\" class=\"elementor elementor-3176 elementor-1686\">\n\t\t\t\t\t\t<section class=\"elementor-section elementor-top-section elementor-element elementor-element-e573d17 elementor-section-full_width elementor-section-height-default elementor-section-height-default\" data-id=\"e573d17\" data-element_type=\"section\">\n\t\t\t\t\t\t<div class=\"elementor-container elementor-column-gap-no\">\n\t\t\t\t\t<div class=\"elementor-column elementor-col-100 elementor-top-column elementor-element elementor-element-66014c4\" data-id=\"66014c4\" data-element_type=\"column\">\n\t\t\t<div class=\"elementor-widget-wrap elementor-element-populated\">\n\t\t\t\t\t\t<div class=\"elementor-element elementor-element-1498372 elementor-widget elementor-widget-consua_team\" data-id=\"1498372\" data-element_type=\"widget\" data-widget_type=\"consua_team.default\">\n\t\t\t\t<div class=\"elementor-widget-container\">\n\t\t\t\r\n\t <!-- Start Team Style Three\r\n    ============================================= -->\r\n    <div class=\"team-style-onea-rea default-padding-top pb-70 pb-xs-0 bg-contain-center bg-gray\" style=\"background-image: url(https:\/\/validthemes.net\/themeforest\/wp\/consua\/wp-content\/uploads\/2023\/05\/18.png);\">\r\n    \t        <div class=\"container\">\r\n            <div class=\"row\">\r\n            \t\t                <!-- Single Item -->\r\n\t                <div class=\"col-xl-3 col-md-6\">\r\n\t                    <div class=\"team-style-one\">\r\n\t                        <div class=\"thumb\">\r\n\t                            <img decoding=\"async\" src=\"https:\/\/altinderepatent.com\/wp-content\/uploads\/2024\/07\/Murat-Altindere.jpg\" alt=\"Alt\u0131ndere%20Patent\"  \/>\t\t\t\t\t\t\t    \t\t                            <div class=\"social\">\r\n\t\t                                <ul>\r\n\t\t                                \t<li class=\"button\"><a href=\"https:\/\/altinderepatent.com\/en\/murat-altindere\/\">About<\/a>\n\t                        \t<\/li>\t\t                                <\/ul>\r\n\t\t                            <\/div>\r\n\t                        \t\t                        <\/div>\r\n\t                        <div class=\"info\">\r\n\t                            <span>Founder - Brand Attorney<\/span>\r\n\t                            <h4><a href=\"https:\/\/altinderepatent.com\/murat-altindere\">Murat ALTINDERE<\/a><\/h4>\r\n\t                        <\/div>\r\n\t                    <\/div>\r\n\t                <\/div>\r\n\t                <!-- End Single Item -->\r\n                \t                <!-- Single Item -->\r\n\t                <div class=\"col-xl-3 col-md-6\">\r\n\t                    <div class=\"team-style-one\">\r\n\t                        <div class=\"thumb\">\r\n\t                            <img decoding=\"async\" src=\"https:\/\/altinderepatent.com\/wp-content\/uploads\/2024\/07\/ekip.jpg\" alt=\"Alt\u0131ndere%20Patent\"  \/>\t\t\t\t\t\t\t    \t\t                            <div class=\"social\">\r\n\t\t                                <ul>\r\n\t\t                                \t<li class=\"button\"><a href=\"#\">About<\/a>\n\t                        \t<\/li>\t\t                                <\/ul>\r\n\t\t                            <\/div>\r\n\t                        \t\t                        <\/div>\r\n\t                        <div class=\"info\">\r\n\t                            <span>Lawyer<\/span>\r\n\t                            <h4><a href=\"#\">Av. Ahmet Can SANDIKLI<\/a><\/h4>\r\n\t                        <\/div>\r\n\t                    <\/div>\r\n\t                <\/div>\r\n\t                <!-- End Single Item -->\r\n                \t                <!-- Single Item -->\r\n\t                <div class=\"col-xl-3 col-md-6\">\r\n\t                    <div class=\"team-style-one\">\r\n\t                        <div class=\"thumb\">\r\n\t                            <img decoding=\"async\" src=\"https:\/\/altinderepatent.com\/wp-content\/uploads\/2024\/07\/ekip.jpg\" alt=\"Alt\u0131ndere%20Patent\"  \/>\t\t\t\t\t\t\t    \t\t                            <div class=\"social\">\r\n\t\t                                <ul>\r\n\t\t                                \t<li class=\"button\"><a href=\"#\">About<\/a>\n\t                        \t<\/li>\t\t                                <\/ul>\r\n\t\t                            <\/div>\r\n\t                        \t\t                        <\/div>\r\n\t                        <div class=\"info\">\r\n\t                            <span>Domestic and International Brand and Design Department Manager<\/span>\r\n\t                            <h4><a href=\"#\">Nurhan AYYAR<\/a><\/h4>\r\n\t                        <\/div>\r\n\t                    <\/div>\r\n\t                <\/div>\r\n\t                <!-- End Single Item -->\r\n                \t                <!-- Single Item -->\r\n\t                <div class=\"col-xl-3 col-md-6\">\r\n\t                    <div class=\"team-style-one\">\r\n\t                        <div class=\"thumb\">\r\n\t                            <img decoding=\"async\" src=\"https:\/\/altinderepatent.com\/wp-content\/uploads\/2024\/07\/ekip.jpg\" alt=\"Alt\u0131ndere%20Patent\"  \/>\t\t\t\t\t\t\t    \t\t                            <div class=\"social\">\r\n\t\t                                <ul>\r\n\t\t                                \t<li class=\"button\"><a href=\"#\">About<\/a>\n\t                        \t<\/li>\t\t                                <\/ul>\r\n\t\t                            <\/div>\r\n\t                        \t\t                        <\/div>\r\n\t                        <div class=\"info\">\r\n\t                            <span>Brand Consultant and Financial Affairs Officer<\/span>\r\n\t                            <h4><a href=\"#\">Osman \u015eahin \u00c7\u0130\u00c7EK<\/a><\/h4>\r\n\t                        <\/div>\r\n\t                    <\/div>\r\n\t                <\/div>\r\n\t                <!-- End Single Item -->\r\n                            <\/div>\r\n        <\/div>\r\n    <\/div>\r\n    <!-- End Team Style Three -->\r\n\r\n    \t\t<\/div>\n\t\t\t\t<\/div>\n\t\t\t\t\t<\/div>\n\t\t<\/div>\n\t\t\t\t\t<\/div>\n\t\t<\/section>\n\t\t\t\t<\/div>\n\t\t","protected":false},"excerpt":{"rendered":"<p>About Founder &#8211; Brand Attorney Murat ALTINDERE About Lawyer Av. Ahmet Can SANDIKLI About Domestic and International Brand and Design Department Manager Nurhan AYYAR About Brand Consultant and Financial Affairs Officer Osman \u015eahin \u00c7\u0130\u00c7EK<\/p>\n","protected":false},"author":1,"featured_media":0,"parent":0,"menu_order":0,"comment_status":"closed","ping_status":"closed","template":"elementor_header_footer","meta":{"footnotes":""},"_links":{"self":[{"href":"https:\/\/altinderepatent.com\/en\/wp-json\/wp\/v2\/pages\/3176"}],"collection":[{"href":"https:\/\/altinderepatent.com\/en\/wp-json\/wp\/v2\/pages"}],"about":[{"href":"https:\/\/altinderepatent.com\/en\/wp-json\/wp\/v2\/types\/page"}],"author":[{"embeddable":true,"href":"https:\/\/altinderepatent.com\/en\/wp-json\/wp\/v2\/users\/1"}],"replies":[{"embeddable":true,"href":"https:\/\/altinderepatent.com\/en\/wp-json\/wp\/v2\/comments?post=3176"}],"version-history":[{"count":18,"href":"https:\/\/altinderepatent.com\/en\/wp-json\/wp\/v2\/pages\/3176\/revisions"}],"predecessor-version":[{"id":3673,"href":"https:\/\/altinderepatent.com\/en\/wp-json\/wp\/v2\/pages\/3176\/revisions\/3673"}],"wp:attachment":[{"href":"https:\/\/altinderepatent.com\/en\/wp-json\/wp\/v2\/media?parent=3176"}],"curies":[{"name":"wp","href":"https:\/\/api.w.org\/{rel}","templated":true}]}}