{"id":3181,"date":"2023-08-12T06:18:57","date_gmt":"2023-08-12T03:18:57","guid":{"rendered":"https:\/\/altinderepatent.com\/sinai-mulkiyet-haklari-hukuki-danismanlik-hizmetleri\/"},"modified":"2024-08-12T19:43:48","modified_gmt":"2024-08-12T16:43:48","slug":"industrial-property-rights-legal-consultancy-services","status":"publish","type":"page","link":"https:\/\/altinderepatent.com\/en\/industrial-property-rights-legal-consultancy-services\/","title":{"rendered":"Industrial Property Rights Legal Consultancy Services"},"content":{"rendered":"\t\t<div data-elementor-type=\"wp-page\" data-elementor-id=\"3181\" class=\"elementor elementor-3181 elementor-1074\">\n\t\t\t\t\t\t<section class=\"elementor-section elementor-top-section elementor-element elementor-element-d84a00a services-details-area elementor-section-boxed elementor-section-height-default elementor-section-height-default\" data-id=\"d84a00a\" data-element_type=\"section\">\n\t\t\t\t\t\t<div class=\"elementor-container elementor-column-gap-no\">\n\t\t\t\t\t<div class=\"elementor-column elementor-col-50 elementor-top-column elementor-element elementor-element-50abe07 services-sidebar\" data-id=\"50abe07\" data-element_type=\"column\">\n\t\t\t<div class=\"elementor-widget-wrap elementor-element-populated\">\n\t\t\t\t\t\t<div class=\"elementor-element elementor-element-cd41b73 elementor-widget elementor-widget-consua_service_navmenu\" data-id=\"cd41b73\" data-element_type=\"widget\" data-widget_type=\"consua_service_navmenu.default\">\n\t\t\t\t<div class=\"elementor-widget-container\">\n\t\t\t\r\n    <!-- Start Service Navmenu \r\n    ============================================= -->\r\n    <div class=\"single-widget services-list-widget\">\r\n        <h4 class=\"widget-title\">Our Services<\/h4>\r\n        <div class=\"content\">\r\n            \t\t            <div class=\"menu-service-sidebar-menu-container\"><ul id=\"menu-service-sidebar-menu\" class=\"menu\"><li id=\"menu-item-1935\" class=\"menu-item menu-item-type-post_type menu-item-object-page menu-item-1935\"><a href=\"https:\/\/altinderepatent.com\/yurtici-ve-yurtdisi-marka-tescil-islemleri\/\">Domestic and International Trademark Registration Procedures<\/a><\/li>\n<li id=\"menu-item-1761\" class=\"menu-item menu-item-type-post_type menu-item-object-page menu-item-1761\"><a href=\"https:\/\/altinderepatent.com\/yurtici-ve-yurtdisi-tasarim-tescil-islemleri\/\">Domestic and International Design Registration Procedures<\/a><\/li>\n<li id=\"menu-item-1933\" class=\"menu-item menu-item-type-post_type menu-item-object-page menu-item-1933\"><a href=\"https:\/\/altinderepatent.com\/sinai-mulkiyet-haklari-hukuki-danismanlik-hizmetleri\/\">Industrial Property Rights Legal Consultancy Services<\/a><\/li>\n<\/ul><\/div>\t\t            <\/div>\r\n    <\/div>\r\n    <!-- End Service Navmenu \r\n    ============================================= -->\r\n\r\n    \t\t<\/div>\n\t\t\t\t<\/div>\n\t\t\t\t<div class=\"elementor-element elementor-element-bdb6dbc elementor-widget elementor-widget-consua_service_cta\" data-id=\"bdb6dbc\" data-element_type=\"widget\" data-widget_type=\"consua_service_cta.default\">\n\t\t\t\t<div class=\"elementor-widget-container\">\n\t\t\t    <!-- Start Service CTA\r\n    ============================================= -->\r\n    <div class=\"single-widget bg-dark quick-contact-widget text-light\" style=\"background-image: url(https:\/\/validthemes.net\/themeforest\/wp\/consua\/wp-content\/uploads\/2023\/09\/15.png);\">\r\n        <div class=\"content\">\r\n            <h3>How Can We Help?<\/h3>\r\n            <p>\r\n              Contact our company and let's find answers to your questions together.            <\/p>\r\n            <h2>0 (212) 234 97 28<\/h2>            <h4><a href=\"mailto:marka@altinderepatent.com\"> marka@altinderepatent.com <\/a><\/h4>                    <\/div>\r\n    <\/div>\r\n    <!-- End Service CTA -->\r\n\t\t\t<\/div>\n\t\t\t\t<\/div>\n\t\t\t\t\t<\/div>\n\t\t<\/div>\n\t\t\t\t<div class=\"elementor-column elementor-col-50 elementor-top-column elementor-element elementor-element-d15c2c6\" data-id=\"d15c2c6\" data-element_type=\"column\">\n\t\t\t<div class=\"elementor-widget-wrap elementor-element-populated\">\n\t\t\t\t\t\t<div class=\"elementor-element elementor-element-fb6e2f6 elementor-widget elementor-widget-image\" data-id=\"fb6e2f6\" data-element_type=\"widget\" data-widget_type=\"image.default\">\n\t\t\t\t<div class=\"elementor-widget-container\">\n\t\t\t<style>\/*! elementor - v3.22.0 - 26-06-2024 *\/\n.elementor-widget-image{text-align:center}.elementor-widget-image a{display:inline-block}.elementor-widget-image a img[src$=\".svg\"]{width:48px}.elementor-widget-image img{vertical-align:middle;display:inline-block}<\/style>\t\t\t\t\t\t\t\t\t\t<img fetchpriority=\"high\" decoding=\"async\" width=\"1460\" height=\"782\" src=\"https:\/\/altinderepatent.com\/wp-content\/uploads\/2024\/06\/sinai.jpg\" class=\"attachment-full size-full wp-image-2681\" alt=\"\" srcset=\"https:\/\/altinderepatent.com\/wp-content\/uploads\/2024\/06\/sinai.jpg 1460w, https:\/\/altinderepatent.com\/wp-content\/uploads\/2024\/06\/sinai-300x161.jpg 300w, https:\/\/altinderepatent.com\/wp-content\/uploads\/2024\/06\/sinai-1024x548.jpg 1024w, https:\/\/altinderepatent.com\/wp-content\/uploads\/2024\/06\/sinai-768x411.jpg 768w, https:\/\/altinderepatent.com\/wp-content\/uploads\/2024\/06\/sinai-598x321.jpg 598w\" sizes=\"(max-width: 1460px) 100vw, 1460px\" \/>\t\t\t\t\t\t\t\t\t\t\t\t\t<\/div>\n\t\t\t\t<\/div>\n\t\t\t\t<div class=\"elementor-element elementor-element-f1be186 elementor-widget elementor-widget-heading\" data-id=\"f1be186\" data-element_type=\"widget\" data-widget_type=\"heading.default\">\n\t\t\t\t<div class=\"elementor-widget-container\">\n\t\t\t<style>\/*! elementor - v3.22.0 - 26-06-2024 *\/\n.elementor-heading-title{padding:0;margin:0;line-height:1}.elementor-widget-heading .elementor-heading-title[class*=elementor-size-]>a{color:inherit;font-size:inherit;line-height:inherit}.elementor-widget-heading .elementor-heading-title.elementor-size-small{font-size:15px}.elementor-widget-heading .elementor-heading-title.elementor-size-medium{font-size:19px}.elementor-widget-heading .elementor-heading-title.elementor-size-large{font-size:29px}.elementor-widget-heading .elementor-heading-title.elementor-size-xl{font-size:39px}.elementor-widget-heading .elementor-heading-title.elementor-size-xxl{font-size:59px}<\/style><h2 class=\"elementor-heading-title elementor-size-default\">Industrial Property Rights Legal Consultancy Services<\/h2>\t\t<\/div>\n\t\t\t\t<\/div>\n\t\t\t\t<div class=\"elementor-element elementor-element-2157fe0 elementor-widget elementor-widget-spacer\" data-id=\"2157fe0\" data-element_type=\"widget\" data-widget_type=\"spacer.default\">\n\t\t\t\t<div class=\"elementor-widget-container\">\n\t\t\t<style>\/*! elementor - v3.22.0 - 26-06-2024 *\/\n.elementor-column .elementor-spacer-inner{height:var(--spacer-size)}.e-con{--container-widget-width:100%}.e-con-inner>.elementor-widget-spacer,.e-con>.elementor-widget-spacer{width:var(--container-widget-width,var(--spacer-size));--align-self:var(--container-widget-align-self,initial);--flex-shrink:0}.e-con-inner>.elementor-widget-spacer>.elementor-widget-container,.e-con>.elementor-widget-spacer>.elementor-widget-container{height:100%;width:100%}.e-con-inner>.elementor-widget-spacer>.elementor-widget-container>.elementor-spacer,.e-con>.elementor-widget-spacer>.elementor-widget-container>.elementor-spacer{height:100%}.e-con-inner>.elementor-widget-spacer>.elementor-widget-container>.elementor-spacer>.elementor-spacer-inner,.e-con>.elementor-widget-spacer>.elementor-widget-container>.elementor-spacer>.elementor-spacer-inner{height:var(--container-widget-height,var(--spacer-size))}.e-con-inner>.elementor-widget-spacer.elementor-widget-empty,.e-con>.elementor-widget-spacer.elementor-widget-empty{position:relative;min-height:22px;min-width:22px}.e-con-inner>.elementor-widget-spacer.elementor-widget-empty .elementor-widget-empty-icon,.e-con>.elementor-widget-spacer.elementor-widget-empty .elementor-widget-empty-icon{position:absolute;top:0;bottom:0;left:0;right:0;margin:auto;padding:0;width:22px;height:22px}<\/style>\t\t<div class=\"elementor-spacer\">\n\t\t\t<div class=\"elementor-spacer-inner\"><\/div>\n\t\t<\/div>\n\t\t\t\t<\/div>\n\t\t\t\t<\/div>\n\t\t\t\t<div class=\"elementor-element elementor-element-7e4f3fb elementor-widget elementor-widget-text-editor\" data-id=\"7e4f3fb\" data-element_type=\"widget\" data-widget_type=\"text-editor.default\">\n\t\t\t\t<div class=\"elementor-widget-container\">\n\t\t\t<style>\/*! elementor - v3.22.0 - 26-06-2024 *\/\n.elementor-widget-text-editor.elementor-drop-cap-view-stacked .elementor-drop-cap{background-color:#69727d;color:#fff}.elementor-widget-text-editor.elementor-drop-cap-view-framed .elementor-drop-cap{color:#69727d;border:3px solid;background-color:transparent}.elementor-widget-text-editor:not(.elementor-drop-cap-view-default) .elementor-drop-cap{margin-top:8px}.elementor-widget-text-editor:not(.elementor-drop-cap-view-default) .elementor-drop-cap-letter{width:1em;height:1em}.elementor-widget-text-editor .elementor-drop-cap{float:left;text-align:center;line-height:1;font-size:50px}.elementor-widget-text-editor .elementor-drop-cap-letter{display:inline-block}<\/style>\t\t\t\t<p>Our Alt\u0131ndere Patent office provides legal consultancy services in the fields of brand, design, lawsuit, transaction follow-up, license and consultancy services, protection of intellectual and industrial property rights of clients, resolution of disputes and ongoing lawsuits.<\/p><p>Alt\u0131ndere Patent is specialized in the following areas in industrial property law.<\/p><p>Violation of Intellectual and Industrial Property Rights<br \/>Unfair Competition<br \/>Copyright<br \/>Trade Name<br \/>Preparation of International Contracts<br \/>Distributorship Agreements<\/p><p>Alt\u0131ndere Patent, which provides legal consultancy services in all areas related to Industrial Property, legally secures the products and services of its customers.<\/p><p>Alt\u0131ndere Patent provides legal consultancy services in the resolution of disputes and ongoing lawsuits in the fields of brand, industrial design, patent and other industrial property.<\/p><p><strong>Some of the services we provide in the field of Intellectual and Industrial Property Law are as follows:<\/strong><\/p><p>Providing consultancy services on research, registration, protection and transfer of trademarks, patents, industrial designs and utility models, following up on litigation processes within the scope of disputes,<br \/>Providing consultancy services in licensing\/acquisition negotiations and preparation of license agreements,<br \/>Following up and finalizing patent, trademark, utility model and other industrial property applications before International Intellectual Property Authorities, Intellectual and Industrial Property Rights Courts and Turkish Patent Institute,<br \/>Performing and following up on objection procedures before International Intellectual Property Authorities, Intellectual and Industrial Property Rights Courts and Turkish Patent Institute,<br \/>Following up and finalizing cancellation cases before Intellectual and Industrial Property Rights Civil Courts and High Court, Following up on infringement cases before Turkish Courts,<br \/>Following up and finalizing criminal cases before Intellectual and Industrial Property Rights Criminal Courts and High Court,<br \/>Patent, trademark, design, negotiation and preparation of license agreements regarding software, know-how and other intellectual and industrial property rights,<br \/>Preparation of opinions regarding validity and infringement,<br \/>Following up infringement and cancellation lawsuit procedures,<br \/>Following up the process regarding trademark infringements made via the internet,<br \/>Performing other representation transactions before Professional Associations,<br \/>Providing legal consultancy services regarding the sale of music and video content on the internet and other media.<\/p>\t\t\t\t\t\t<\/div>\n\t\t\t\t<\/div>\n\t\t\t\t\t<\/div>\n\t\t<\/div>\n\t\t\t\t\t<\/div>\n\t\t<\/section>\n\t\t\t\t<\/div>\n\t\t","protected":false},"excerpt":{"rendered":"<p>Our Services Yurti\u00e7i ve Yurtd\u0131\u015f\u0131 Marka Tescil \u0130\u015flemleri Yurti\u00e7i ve Yurtd\u0131\u015f\u0131 Tasar\u0131m Tescil \u0130\u015flemleri S\u0131nai M\u00fclkiyet Haklar\u0131 Hukuki Dan\u0131\u015fmanl\u0131k Hizmetleri How Can We Help? Contact our company and let&#8217;s find answers to your questions together. 0 (212) 234 97 28 marka@altinderepatent.com Industrial Property Rights Legal Consultancy Services Our Alt\u0131ndere Patent office provides legal consultancy services&#8230;<\/p>\n","protected":false},"author":1,"featured_media":0,"parent":0,"menu_order":0,"comment_status":"closed","ping_status":"closed","template":"elementor_header_footer","meta":{"footnotes":""},"_links":{"self":[{"href":"https:\/\/altinderepatent.com\/en\/wp-json\/wp\/v2\/pages\/3181"}],"collection":[{"href":"https:\/\/altinderepatent.com\/en\/wp-json\/wp\/v2\/pages"}],"about":[{"href":"https:\/\/altinderepatent.com\/en\/wp-json\/wp\/v2\/types\/page"}],"author":[{"embeddable":true,"href":"https:\/\/altinderepatent.com\/en\/wp-json\/wp\/v2\/users\/1"}],"replies":[{"embeddable":true,"href":"https:\/\/altinderepatent.com\/en\/wp-json\/wp\/v2\/comments?post=3181"}],"version-history":[{"count":10,"href":"https:\/\/altinderepatent.com\/en\/wp-json\/wp\/v2\/pages\/3181\/revisions"}],"predecessor-version":[{"id":3562,"href":"https:\/\/altinderepatent.com\/en\/wp-json\/wp\/v2\/pages\/3181\/revisions\/3562"}],"wp:attachment":[{"href":"https:\/\/altinderepatent.com\/en\/wp-json\/wp\/v2\/media?parent=3181"}],"curies":[{"name":"wp","href":"https:\/\/api.w.org\/{rel}","templated":true}]}}