{"id":3191,"date":"2023-08-12T06:18:41","date_gmt":"2023-08-12T03:18:41","guid":{"rendered":"https:\/\/altinderepatent.com\/yurtici-ve-yurtdisi-tasarim-tescil-islemleri\/"},"modified":"2024-08-12T19:43:31","modified_gmt":"2024-08-12T16:43:31","slug":"domestic-and-international-design-registration-procedures","status":"publish","type":"page","link":"https:\/\/altinderepatent.com\/en\/domestic-and-international-design-registration-procedures\/","title":{"rendered":"Domestic and International Design Registration Procedures"},"content":{"rendered":"\t\t<div data-elementor-type=\"wp-page\" data-elementor-id=\"3191\" class=\"elementor elementor-3191 elementor-1072\">\n\t\t\t\t\t\t<section class=\"elementor-section elementor-top-section elementor-element elementor-element-bbf4bce services-details-area elementor-section-boxed elementor-section-height-default elementor-section-height-default\" data-id=\"bbf4bce\" data-element_type=\"section\">\n\t\t\t\t\t\t<div class=\"elementor-container elementor-column-gap-no\">\n\t\t\t\t\t<div class=\"elementor-column elementor-col-50 elementor-top-column elementor-element elementor-element-7c0faec services-sidebar\" data-id=\"7c0faec\" data-element_type=\"column\">\n\t\t\t<div class=\"elementor-widget-wrap elementor-element-populated\">\n\t\t\t\t\t\t<div class=\"elementor-element elementor-element-42ea05d elementor-widget elementor-widget-consua_service_navmenu\" data-id=\"42ea05d\" data-element_type=\"widget\" data-widget_type=\"consua_service_navmenu.default\">\n\t\t\t\t<div class=\"elementor-widget-container\">\n\t\t\t\r\n    <!-- Start Service Navmenu \r\n    ============================================= -->\r\n    <div class=\"single-widget services-list-widget\">\r\n        <h4 class=\"widget-title\">Our Services<\/h4>\r\n        <div class=\"content\">\r\n            \t\t            <div class=\"menu-service-sidebar-menu-container\"><ul id=\"menu-service-sidebar-menu\" class=\"menu\"><li id=\"menu-item-1935\" class=\"menu-item menu-item-type-post_type menu-item-object-page menu-item-1935\"><a href=\"https:\/\/altinderepatent.com\/yurtici-ve-yurtdisi-marka-tescil-islemleri\/\">Domestic and International Trademark Registration Procedures<\/a><\/li>\n<li id=\"menu-item-1761\" class=\"menu-item menu-item-type-post_type menu-item-object-page menu-item-1761\"><a href=\"https:\/\/altinderepatent.com\/yurtici-ve-yurtdisi-tasarim-tescil-islemleri\/\">Domestic and International Design Registration Procedures<\/a><\/li>\n<li id=\"menu-item-1933\" class=\"menu-item menu-item-type-post_type menu-item-object-page menu-item-1933\"><a href=\"https:\/\/altinderepatent.com\/sinai-mulkiyet-haklari-hukuki-danismanlik-hizmetleri\/\">Industrial Property Rights Legal Consultancy Services<\/a><\/li>\n<\/ul><\/div>\t\t            <\/div>\r\n    <\/div>\r\n    <!-- End Service Navmenu \r\n    ============================================= -->\r\n\r\n    \t\t<\/div>\n\t\t\t\t<\/div>\n\t\t\t\t<div class=\"elementor-element elementor-element-aac4298 elementor-widget elementor-widget-consua_service_cta\" data-id=\"aac4298\" data-element_type=\"widget\" data-widget_type=\"consua_service_cta.default\">\n\t\t\t\t<div class=\"elementor-widget-container\">\n\t\t\t    <!-- Start Service CTA\r\n    ============================================= -->\r\n    <div class=\"single-widget bg-dark quick-contact-widget text-light\" style=\"background-image: url(https:\/\/validthemes.net\/themeforest\/wp\/consua\/wp-content\/uploads\/2023\/09\/15.png);\">\r\n        <div class=\"content\">\r\n            <h3>How Can We Help?<\/h3>\r\n            <p>\r\n              Contact our company and let's find answers to your questions together.            <\/p>\r\n            <h2>0 (212) 234 97 28<\/h2>            <h4><a href=\"mailto:marka@altinderepatent.com\"> marka@altinderepatent.com <\/a><\/h4>                    <\/div>\r\n    <\/div>\r\n    <!-- End Service CTA -->\r\n\t\t\t<\/div>\n\t\t\t\t<\/div>\n\t\t\t\t\t<\/div>\n\t\t<\/div>\n\t\t\t\t<div class=\"elementor-column elementor-col-50 elementor-top-column elementor-element elementor-element-569d019\" data-id=\"569d019\" data-element_type=\"column\">\n\t\t\t<div class=\"elementor-widget-wrap elementor-element-populated\">\n\t\t\t\t\t\t<div class=\"elementor-element elementor-element-6d8bb0a elementor-widget elementor-widget-image\" data-id=\"6d8bb0a\" data-element_type=\"widget\" data-widget_type=\"image.default\">\n\t\t\t\t<div class=\"elementor-widget-container\">\n\t\t\t<style>\/*! elementor - v3.22.0 - 26-06-2024 *\/\n.elementor-widget-image{text-align:center}.elementor-widget-image a{display:inline-block}.elementor-widget-image a img[src$=\".svg\"]{width:48px}.elementor-widget-image img{vertical-align:middle;display:inline-block}<\/style>\t\t\t\t\t\t\t\t\t\t<img fetchpriority=\"high\" decoding=\"async\" width=\"1460\" height=\"782\" src=\"https:\/\/altinderepatent.com\/wp-content\/uploads\/2024\/06\/tasarim-tescil.jpg\" class=\"attachment-full size-full wp-image-2671\" alt=\"\" srcset=\"https:\/\/altinderepatent.com\/wp-content\/uploads\/2024\/06\/tasarim-tescil.jpg 1460w, https:\/\/altinderepatent.com\/wp-content\/uploads\/2024\/06\/tasarim-tescil-300x161.jpg 300w, https:\/\/altinderepatent.com\/wp-content\/uploads\/2024\/06\/tasarim-tescil-1024x548.jpg 1024w, https:\/\/altinderepatent.com\/wp-content\/uploads\/2024\/06\/tasarim-tescil-768x411.jpg 768w, https:\/\/altinderepatent.com\/wp-content\/uploads\/2024\/06\/tasarim-tescil-598x321.jpg 598w\" sizes=\"(max-width: 1460px) 100vw, 1460px\" \/>\t\t\t\t\t\t\t\t\t\t\t\t\t<\/div>\n\t\t\t\t<\/div>\n\t\t\t\t<div class=\"elementor-element elementor-element-26815b2 elementor-widget elementor-widget-heading\" data-id=\"26815b2\" data-element_type=\"widget\" data-widget_type=\"heading.default\">\n\t\t\t\t<div class=\"elementor-widget-container\">\n\t\t\t<style>\/*! elementor - v3.22.0 - 26-06-2024 *\/\n.elementor-heading-title{padding:0;margin:0;line-height:1}.elementor-widget-heading .elementor-heading-title[class*=elementor-size-]>a{color:inherit;font-size:inherit;line-height:inherit}.elementor-widget-heading .elementor-heading-title.elementor-size-small{font-size:15px}.elementor-widget-heading .elementor-heading-title.elementor-size-medium{font-size:19px}.elementor-widget-heading .elementor-heading-title.elementor-size-large{font-size:29px}.elementor-widget-heading .elementor-heading-title.elementor-size-xl{font-size:39px}.elementor-widget-heading .elementor-heading-title.elementor-size-xxl{font-size:59px}<\/style><h2 class=\"elementor-heading-title elementor-size-default\">Domestic and International Design Registration Procedures<\/h2>\t\t<\/div>\n\t\t\t\t<\/div>\n\t\t\t\t<div class=\"elementor-element elementor-element-eb3ff1b elementor-widget elementor-widget-spacer\" data-id=\"eb3ff1b\" data-element_type=\"widget\" data-widget_type=\"spacer.default\">\n\t\t\t\t<div class=\"elementor-widget-container\">\n\t\t\t<style>\/*! elementor - v3.22.0 - 26-06-2024 *\/\n.elementor-column .elementor-spacer-inner{height:var(--spacer-size)}.e-con{--container-widget-width:100%}.e-con-inner>.elementor-widget-spacer,.e-con>.elementor-widget-spacer{width:var(--container-widget-width,var(--spacer-size));--align-self:var(--container-widget-align-self,initial);--flex-shrink:0}.e-con-inner>.elementor-widget-spacer>.elementor-widget-container,.e-con>.elementor-widget-spacer>.elementor-widget-container{height:100%;width:100%}.e-con-inner>.elementor-widget-spacer>.elementor-widget-container>.elementor-spacer,.e-con>.elementor-widget-spacer>.elementor-widget-container>.elementor-spacer{height:100%}.e-con-inner>.elementor-widget-spacer>.elementor-widget-container>.elementor-spacer>.elementor-spacer-inner,.e-con>.elementor-widget-spacer>.elementor-widget-container>.elementor-spacer>.elementor-spacer-inner{height:var(--container-widget-height,var(--spacer-size))}.e-con-inner>.elementor-widget-spacer.elementor-widget-empty,.e-con>.elementor-widget-spacer.elementor-widget-empty{position:relative;min-height:22px;min-width:22px}.e-con-inner>.elementor-widget-spacer.elementor-widget-empty .elementor-widget-empty-icon,.e-con>.elementor-widget-spacer.elementor-widget-empty .elementor-widget-empty-icon{position:absolute;top:0;bottom:0;left:0;right:0;margin:auto;padding:0;width:22px;height:22px}<\/style>\t\t<div class=\"elementor-spacer\">\n\t\t\t<div class=\"elementor-spacer-inner\"><\/div>\n\t\t<\/div>\n\t\t\t\t<\/div>\n\t\t\t\t<\/div>\n\t\t\t\t<div class=\"elementor-element elementor-element-4765324 elementor-widget elementor-widget-text-editor\" data-id=\"4765324\" data-element_type=\"widget\" data-widget_type=\"text-editor.default\">\n\t\t\t\t<div class=\"elementor-widget-container\">\n\t\t\t<style>\/*! elementor - v3.22.0 - 26-06-2024 *\/\n.elementor-widget-text-editor.elementor-drop-cap-view-stacked .elementor-drop-cap{background-color:#69727d;color:#fff}.elementor-widget-text-editor.elementor-drop-cap-view-framed .elementor-drop-cap{color:#69727d;border:3px solid;background-color:transparent}.elementor-widget-text-editor:not(.elementor-drop-cap-view-default) .elementor-drop-cap{margin-top:8px}.elementor-widget-text-editor:not(.elementor-drop-cap-view-default) .elementor-drop-cap-letter{width:1em;height:1em}.elementor-widget-text-editor .elementor-drop-cap{float:left;text-align:center;line-height:1;font-size:50px}.elementor-widget-text-editor .elementor-drop-cap-letter{display:inline-block}<\/style>\t\t\t\t<p><strong>What is Design?<\/strong><\/p><p>Design is the appearance of the product as a whole or a part of it or the ornamentation on it, such as line, shape, form, color, material or surface texture.<\/p><p><strong>What is design registration?<\/strong><\/p><p>Design registration is a service that ensures that original and completely new designs are also legally secured. Securing industrial designs belonging to a business is also important in terms of the business&#8217;s profit. In addition, the protection of the rights of the people who design and construct the design will be possible with a registration application.<\/p><p>Design registration is a document issued as a result of applications received by the Turkish Patent and Trademark Office. With the issuance of this document, it is guaranteed that the design is registered. Thus, the unauthorized use of the relevant design by different people is completely prevented. If a registered design is used by third parties, legal processes can be initiated against those people.<\/p><p>A design registration certificate is a document that protects not only the design made but also the rights of the designer. In this way, the unauthorized use of the relevant design by different people is prevented. Moreover, the profit from the design worked on will also be secured as a result of the registration process.<\/p><p><strong>How is Design Registration Done?<\/strong><\/p><p>In the registration steps taken for a certain design, first of all, research related to the relevant design must be done. It can be understood whether the relevant design is unique by using design registration query sources. However, if the design to be applied for registration is new and original, the application process is started. Otherwise, the registration application made for the design may be directly rejected.<\/p><p>Another important factor to be considered when moving to the application stage is the payment of design registration fees. In this context, it is expected that the persons or companies that will apply for registration for the design have paid the registration fee. The fee requested for the registration of a design is updated every year by the Turkish Patent and Trademark Office.<\/p><p>\u200bThe application process is started as a result of the full payment of the fee requested during the registration process of the design. In this process, the bank receipt proving that the fee has been paid must be declared together with other necessary documents.<\/p><p><strong>Things to Consider When Applying for Registration for a Design<\/strong><\/p><p>When applying for registration for a design, some details must be carefully examined and examined. Here are the main situations that individuals or companies should pay attention to during the design registration application phase:<\/p><p>The most important point to consider during the design registration process is that the relevant design must be unique. The registration process of designs that are similar to or completely identical to a previously registered design will be problematic. In fact, if a similarity is detected in the examinations made for the design, the application may be rejected directly.<br \/><br \/>If the application for registration of the design is rejected, it is not possible to get back the registration fee that has been paid before.<br \/><br \/>The registration application for the design must be made to the Turkish Patent and Trademark Office. In this process, it is possible for either the design owner or the representative appointed by the design owner to apply.<br \/><br \/>ALTINDERE PATENT is a company that provides expert support in registration processes and shoulder the application burden. The lawyers, expert consultants and designers within the company are the people who will provide the necessary support for registration processes during this process.<br \/>It is important to submit photographs and visual materials of the relevant design as the design enters the registration process. In order for the necessary examinations to be carried out easily by the Turkish Patent and Trademark Office, the design must be explained in a comprehensive manner. Today, 3D technology can be used for this.<\/p><p>When applying for registration for a design, it is not necessary for that design to be produced. Submitting visual and written materials explaining the design in detail will be sufficient for the application process.<\/p><p><strong>How Long is the Design Registration Period?<\/strong><\/p><p>There is a protection period determined for design registration. Accordingly, a design can be protected for up to 5 years after it is registered. If 5 years are exceeded, a new application can be made and another 5 years of protection can be requested. In this way, it is possible to provide protection for up to 25 years in total.<\/p><p>If there is no renewal application after the registration period of a design expires, the protection on that design is removed. At the same time, registration protection is only valid within the borders of the country where the registration application is made. In the international arena, applications must be made to the relevant institutions in different countries for design protection.<\/p><p><strong>What is the Importance of Design Registration?<\/strong><\/p><p>Design registration is a legal practice that is important and beneficial in many ways. Accordingly, by ensuring that the relevant design is not used by everyone, it is also guaranteed that design owners will make a profit. Since it is also possible to offer registered designs for sale, it will be possible for design owners to make an income in this way.<\/p>\t\t\t\t\t\t<\/div>\n\t\t\t\t<\/div>\n\t\t\t\t\t<\/div>\n\t\t<\/div>\n\t\t\t\t\t<\/div>\n\t\t<\/section>\n\t\t\t\t<\/div>\n\t\t","protected":false},"excerpt":{"rendered":"<p>Our Services Yurti\u00e7i ve Yurtd\u0131\u015f\u0131 Marka Tescil \u0130\u015flemleri Yurti\u00e7i ve Yurtd\u0131\u015f\u0131 Tasar\u0131m Tescil \u0130\u015flemleri S\u0131nai M\u00fclkiyet Haklar\u0131 Hukuki Dan\u0131\u015fmanl\u0131k Hizmetleri How Can We Help? Contact our company and let&#8217;s find answers to your questions together. 0 (212) 234 97 28 marka@altinderepatent.com Domestic and International Design Registration Procedures What is Design? Design is the appearance of&#8230;<\/p>\n","protected":false},"author":1,"featured_media":0,"parent":0,"menu_order":0,"comment_status":"closed","ping_status":"closed","template":"elementor_header_footer","meta":{"footnotes":""},"_links":{"self":[{"href":"https:\/\/altinderepatent.com\/en\/wp-json\/wp\/v2\/pages\/3191"}],"collection":[{"href":"https:\/\/altinderepatent.com\/en\/wp-json\/wp\/v2\/pages"}],"about":[{"href":"https:\/\/altinderepatent.com\/en\/wp-json\/wp\/v2\/types\/page"}],"author":[{"embeddable":true,"href":"https:\/\/altinderepatent.com\/en\/wp-json\/wp\/v2\/users\/1"}],"replies":[{"embeddable":true,"href":"https:\/\/altinderepatent.com\/en\/wp-json\/wp\/v2\/comments?post=3191"}],"version-history":[{"count":13,"href":"https:\/\/altinderepatent.com\/en\/wp-json\/wp\/v2\/pages\/3191\/revisions"}],"predecessor-version":[{"id":3556,"href":"https:\/\/altinderepatent.com\/en\/wp-json\/wp\/v2\/pages\/3191\/revisions\/3556"}],"wp:attachment":[{"href":"https:\/\/altinderepatent.com\/en\/wp-json\/wp\/v2\/media?parent=3191"}],"curies":[{"name":"wp","href":"https:\/\/api.w.org\/{rel}","templated":true}]}}