{"id":3207,"date":"2023-09-07T04:35:51","date_gmt":"2023-09-07T01:35:51","guid":{"rendered":"https:\/\/altinderepatent.com\/bilgi-bankasi\/"},"modified":"2024-08-12T19:44:21","modified_gmt":"2024-08-12T16:44:21","slug":"data-bank","status":"publish","type":"page","link":"https:\/\/altinderepatent.com\/en\/data-bank\/","title":{"rendered":"Data bank"},"content":{"rendered":"\t\t<div data-elementor-type=\"wp-page\" data-elementor-id=\"3207\" class=\"elementor elementor-3207 elementor-2106\">\n\t\t\t\t\t\t<section class=\"elementor-section elementor-top-section elementor-element elementor-element-8a0a8a9 elementor-section-full_width elementor-section-height-default elementor-section-height-default\" data-id=\"8a0a8a9\" data-element_type=\"section\">\n\t\t\t\t\t\t<div class=\"elementor-container elementor-column-gap-no\">\n\t\t\t\t\t<div class=\"elementor-column elementor-col-100 elementor-top-column elementor-element elementor-element-3462544\" data-id=\"3462544\" data-element_type=\"column\">\n\t\t\t<div class=\"elementor-widget-wrap elementor-element-populated\">\n\t\t\t\t\t\t<div class=\"elementor-element elementor-element-b622067 elementor-widget elementor-widget-consua_faq_widget\" data-id=\"b622067\" data-element_type=\"widget\" data-widget_type=\"consua_faq_widget.default\">\n\t\t\t\t<div class=\"elementor-widget-container\">\n\t\t\t\r\n\t <!-- Start Faq Area \r\n    ============================================= -->\r\n    <div class=\"faq-area bg-gray default-padding\">\r\n        <!-- End Shape -->\r\n        <div class=\"container\">\r\n            <div class=\"row\">\r\n                <div class=\"col-lg-4 mb-md-30 mb-xs-30\">\r\n                    <div class=\"faq-sidebar\">\r\n                        <div class=\"faq-sidebar-item bg-theme text-light\" style=\"background-image: url(https:\/\/validthemes.net\/themeforest\/wp\/consua\/wp-content\/uploads\/2023\/09\/map-light.png);\">\r\n                            <h4>Our Services<\/h4>\r\n                            \t\t\t\t\t            <div class=\"menu-service-sidebar-menu-container\"><ul id=\"menu-service-sidebar-menu\" class=\"menu\"><li id=\"menu-item-1935\" class=\"menu-item menu-item-type-post_type menu-item-object-page menu-item-1935\"><a href=\"https:\/\/altinderepatent.com\/yurtici-ve-yurtdisi-marka-tescil-islemleri\/\">Domestic and International Trademark Registration Procedures<\/a><\/li>\n<li id=\"menu-item-1761\" class=\"menu-item menu-item-type-post_type menu-item-object-page menu-item-1761\"><a href=\"https:\/\/altinderepatent.com\/yurtici-ve-yurtdisi-tasarim-tescil-islemleri\/\">Domestic and International Design Registration Procedures<\/a><\/li>\n<li id=\"menu-item-1933\" class=\"menu-item menu-item-type-post_type menu-item-object-page menu-item-1933\"><a href=\"https:\/\/altinderepatent.com\/sinai-mulkiyet-haklari-hukuki-danismanlik-hizmetleri\/\">Industrial Property Rights Legal Consultancy Services<\/a><\/li>\n<\/ul><\/div>\t\t\t\t\t                                <\/div>\r\n                    <\/div>\r\n                <\/div>\r\n                <div class=\"col-lg-8 faq-style-one dark pl-50 pl-md-15 pl-xs-15\">\r\n\r\n                    <h2 class=\"title mb-40\"><br>What you need to know before you start anything.<\/h2>\r\n                    \r\n                    <div class=\"accordion\" id=\"faqAccordion\">\r\n\r\n\t\t\t        \t\t\t\t            <div class=\"accordion-item\">\r\n\t\t\t                <h2 class=\"accordion-header\" id=\"heading1\">\r\n\t\t\t                    <button class=\"accordion-button \" type=\"button\" data-bs-toggle=\"collapse\" data-bs-target=\"#collapse1\" aria-expanded=\"true\" aria-controls=\"heading1\">\r\n\t\t\t                       What are Trademark Classes?\t\t\t                    <\/button>\r\n\t\t\t                <\/h2>\r\n\t\t\t                <div id=\"collapse1\" class=\"accordion-collapse collapse show\" aria-labelledby=\"heading1\" data-bs-parent=\"#faqAccordion\">\r\n\t\t\t                    <div class=\"accordion-body\">\r\n\t\t\t                        <p>\r\n\t\t\t                          \tThe Goods and Services Classification List, which is the basis for trademark registration applications made to the Turkish Patent and Trademark Office, consists of 45 classes, including products and services. The first 34 items in the class list are product classes, while the last 11 items are service classes.\t\t\t                        <\/p>\r\n\t\t\t                    <\/div>\r\n\t\t\t                <\/div>\r\n\t\t\t            <\/div>\r\n\t\t\t           \t\t\t\t            <div class=\"accordion-item\">\r\n\t\t\t                <h2 class=\"accordion-header\" id=\"heading2\">\r\n\t\t\t                    <button class=\"accordion-button collapsed\" type=\"button\" data-bs-toggle=\"collapse\" data-bs-target=\"#collapse2\" aria-expanded=\"true\" aria-controls=\"heading2\">\r\n\t\t\t                       What is a Trademark License?\t\t\t                    <\/button>\r\n\t\t\t                <\/h2>\r\n\t\t\t                <div id=\"collapse2\" class=\"accordion-collapse collapse \" aria-labelledby=\"heading2\" data-bs-parent=\"#faqAccordion\">\r\n\t\t\t                    <div class=\"accordion-body\">\r\n\t\t\t                        <p>\r\n\t\t\t                          \tA trademark license is the opening of the usage and protection rights held by the trademark registrant to another real or legal person.\t\t\t                        <\/p>\r\n\t\t\t                    <\/div>\r\n\t\t\t                <\/div>\r\n\t\t\t            <\/div>\r\n\t\t\t           \t\t\t\t            <div class=\"accordion-item\">\r\n\t\t\t                <h2 class=\"accordion-header\" id=\"heading3\">\r\n\t\t\t                    <button class=\"accordion-button collapsed\" type=\"button\" data-bs-toggle=\"collapse\" data-bs-target=\"#collapse3\" aria-expanded=\"true\" aria-controls=\"heading3\">\r\n\t\t\t                       What is a Well-Known Brand?\t\t\t                    <\/button>\r\n\t\t\t                <\/h2>\r\n\t\t\t                <div id=\"collapse3\" class=\"accordion-collapse collapse \" aria-labelledby=\"heading3\" data-bs-parent=\"#faqAccordion\">\r\n\t\t\t                    <div class=\"accordion-body\">\r\n\t\t\t                        <p>\r\n\t\t\t                          \tIt refers to brands that have become known and recognized by all segments of society, beyond their target audience, and that reflexively associate a certain product or business in their minds without the need for any reminders.\t\t\t                        <\/p>\r\n\t\t\t                    <\/div>\r\n\t\t\t                <\/div>\r\n\t\t\t            <\/div>\r\n\t\t\t           \t\t\t\t            <div class=\"accordion-item\">\r\n\t\t\t                <h2 class=\"accordion-header\" id=\"heading4\">\r\n\t\t\t                    <button class=\"accordion-button collapsed\" type=\"button\" data-bs-toggle=\"collapse\" data-bs-target=\"#collapse4\" aria-expanded=\"true\" aria-controls=\"heading4\">\r\n\t\t\t                       What is the European Union Community Trademark?\t\t\t                    <\/button>\r\n\t\t\t                <\/h2>\r\n\t\t\t                <div id=\"collapse4\" class=\"accordion-collapse collapse \" aria-labelledby=\"heading4\" data-bs-parent=\"#faqAccordion\">\r\n\t\t\t                    <div class=\"accordion-body\">\r\n\t\t\t                        <p>\r\n\t\t\t                          \tThe European Union Community Trademark System is a system that enables trademark registrations to be made between EU member states and the protection of these trademark registrations within EU member states. This system facilitates trademark registration procedures for real or legal persons in member states, allowing trademark registration to be made on a wider scale.\t\t\t                        <\/p>\r\n\t\t\t                    <\/div>\r\n\t\t\t                <\/div>\r\n\t\t\t            <\/div>\r\n\t\t\t           \t\t\t\t            <div class=\"accordion-item\">\r\n\t\t\t                <h2 class=\"accordion-header\" id=\"heading5\">\r\n\t\t\t                    <button class=\"accordion-button collapsed\" type=\"button\" data-bs-toggle=\"collapse\" data-bs-target=\"#collapse5\" aria-expanded=\"true\" aria-controls=\"heading5\">\r\n\t\t\t                       What is a National Application?\t\t\t                    <\/button>\r\n\t\t\t                <\/h2>\r\n\t\t\t                <div id=\"collapse5\" class=\"accordion-collapse collapse \" aria-labelledby=\"heading5\" data-bs-parent=\"#faqAccordion\">\r\n\t\t\t                    <div class=\"accordion-body\">\r\n\t\t\t                        <p>\r\n\t\t\t                          \tTerritorial applications recognize the rights of trademark registrants in that country as well as in the trademark's own country, therefore trademark registrants are meticulous about this issue.\t\t\t                        <\/p>\r\n\t\t\t                    <\/div>\r\n\t\t\t                <\/div>\r\n\t\t\t            <\/div>\r\n\t\t\t           \t\t\t\t            <div class=\"accordion-item\">\r\n\t\t\t                <h2 class=\"accordion-header\" id=\"heading6\">\r\n\t\t\t                    <button class=\"accordion-button collapsed\" type=\"button\" data-bs-toggle=\"collapse\" data-bs-target=\"#collapse6\" aria-expanded=\"true\" aria-controls=\"heading6\">\r\n\t\t\t                       What is the Madrid System for Multi-Country Applications?\t\t\t                    <\/button>\r\n\t\t\t                <\/h2>\r\n\t\t\t                <div id=\"collapse6\" class=\"accordion-collapse collapse \" aria-labelledby=\"heading6\" data-bs-parent=\"#faqAccordion\">\r\n\t\t\t                    <div class=\"accordion-body\">\r\n\t\t\t                        <p>\r\n\t\t\t                          \tThe Madrid System, also known as the multi-country application, is a system that allows international registration of trademarks in more than one country with a single application and in a single language.\t\t\t                        <\/p>\r\n\t\t\t                    <\/div>\r\n\t\t\t                <\/div>\r\n\t\t\t            <\/div>\r\n\t\t\t           \t \r\n\t\t\t        <\/div>\r\n\r\n                <\/div>\r\n            <\/div>\r\n        <\/div>\r\n    <\/div>\r\n    <!-- End Faq Area -->\r\n\r\n\t\t\t<\/div>\n\t\t\t\t<\/div>\n\t\t\t\t\t<\/div>\n\t\t<\/div>\n\t\t\t\t\t<\/div>\n\t\t<\/section>\n\t\t\t\t<\/div>\n\t\t","protected":false},"excerpt":{"rendered":"<p>Our Services Yurti\u00e7i ve Yurtd\u0131\u015f\u0131 Marka Tescil \u0130\u015flemleri Yurti\u00e7i ve Yurtd\u0131\u015f\u0131 Tasar\u0131m Tescil \u0130\u015flemleri S\u0131nai M\u00fclkiyet Haklar\u0131 Hukuki Dan\u0131\u015fmanl\u0131k Hizmetleri What you need to know before you start anything. What are Trademark Classes? The Goods and Services Classification List, which is the basis for trademark registration applications made to the Turkish Patent and Trademark Office,&#8230;<\/p>\n","protected":false},"author":1,"featured_media":0,"parent":0,"menu_order":0,"comment_status":"closed","ping_status":"closed","template":"elementor_header_footer","meta":{"footnotes":""},"_links":{"self":[{"href":"https:\/\/altinderepatent.com\/en\/wp-json\/wp\/v2\/pages\/3207"}],"collection":[{"href":"https:\/\/altinderepatent.com\/en\/wp-json\/wp\/v2\/pages"}],"about":[{"href":"https:\/\/altinderepatent.com\/en\/wp-json\/wp\/v2\/types\/page"}],"author":[{"embeddable":true,"href":"https:\/\/altinderepatent.com\/en\/wp-json\/wp\/v2\/users\/1"}],"replies":[{"embeddable":true,"href":"https:\/\/altinderepatent.com\/en\/wp-json\/wp\/v2\/comments?post=3207"}],"version-history":[{"count":10,"href":"https:\/\/altinderepatent.com\/en\/wp-json\/wp\/v2\/pages\/3207\/revisions"}],"predecessor-version":[{"id":3574,"href":"https:\/\/altinderepatent.com\/en\/wp-json\/wp\/v2\/pages\/3207\/revisions\/3574"}],"wp:attachment":[{"href":"https:\/\/altinderepatent.com\/en\/wp-json\/wp\/v2\/media?parent=3207"}],"curies":[{"name":"wp","href":"https:\/\/api.w.org\/{rel}","templated":true}]}}