{"id":3213,"date":"2023-06-14T12:58:39","date_gmt":"2023-06-14T09:58:39","guid":{"rendered":"https:\/\/altinderepatent.com\/iletisim\/"},"modified":"2024-08-23T20:10:15","modified_gmt":"2024-08-23T17:10:15","slug":"communication","status":"publish","type":"page","link":"https:\/\/altinderepatent.com\/en\/communication\/","title":{"rendered":"Communication"},"content":{"rendered":"\t\t<div data-elementor-type=\"wp-page\" data-elementor-id=\"3213\" class=\"elementor elementor-3213 elementor-169\">\n\t\t\t\t\t\t<section class=\"elementor-section elementor-top-section elementor-element elementor-element-6e8c657 elementor-section-full_width elementor-section-height-default elementor-section-height-default\" data-id=\"6e8c657\" data-element_type=\"section\">\n\t\t\t\t\t\t<div class=\"elementor-container elementor-column-gap-no\">\n\t\t\t\t\t<div class=\"elementor-column elementor-col-100 elementor-top-column elementor-element elementor-element-eae198f\" data-id=\"eae198f\" data-element_type=\"column\">\n\t\t\t<div class=\"elementor-widget-wrap elementor-element-populated\">\n\t\t\t\t\t\t<div class=\"elementor-element elementor-element-bb678fb elementor-widget elementor-widget-consua_contact_form\" data-id=\"bb678fb\" data-element_type=\"widget\" data-widget_type=\"consua_contact_form.default\">\n\t\t\t\t<div class=\"elementor-widget-container\">\n\t\t\t    <!-- Start Contact Us \r\n    ============================================= -->\r\n    <div class=\"contact-style-one-area overflow-hidden default-padding\">\r\n\r\n\t\t       \r\n        <div class=\"container\">\r\n            <div class=\"row align-center\">\r\n\r\n                <div class=\"contact-stye-one col-lg-5 mb-md-50 mb-xs-20\">\r\n\r\n                    <div class=\"contact-style-one-info\">\r\n                    \t                        \t<h2>Contact Details<\/h2>\r\n                    \t                    \t\t                        <p>\r\n\t                         We respect our suppliers, employees, business partners, customers and consumers, that is, all people, as well as the environment and life, and we take care to protect their rights.\t                        <\/p>\r\n                                                <ul>\r\n\t\t\t\t\t\t\t\t                            <li class=\"wow fadeInUp\">\r\n\t                                <div class=\"icon\">\r\n\t                                   \t\t\t\t\t\t                    \t\t\t\t\t                    \t\t\t\t\t                        <i class=\"fas fa-phone-alt\"><\/i>\r\n\t\t\t\t\t                    \t                                <\/div>\r\n\t                                <div class=\"content\">\r\n\t                                \t<h5 class=\"title\">Telephone<\/h5>\r\n\t                                  \t\u0130stanbul <a href=\"tel:02122349728\">0 (212) 234 97 28 <\/a><br>\nMersin   <a href=\"tel:03243365210\"> 0 (324)  336 52 10 <\/a>\t                                <\/div>\r\n\t                            <\/li>\r\n                           \t                            <li class=\"wow fadeInUp\">\r\n\t                                <div class=\"icon\">\r\n\t                                   \t\t\t\t\t\t                    \t\t\t\t\t                    \t\t\t\t\t                        <i class=\"fas fa-map-marker-alt\"><\/i>\r\n\t\t\t\t\t                    \t                                <\/div>\r\n\t                                <div class=\"content\">\r\n\t                                \t<h5 class=\"title\">Address<\/h5>\r\n\t                                  \t<a href=\"https:\/\/www.google.com\/maps?ll=41.023594,29.033384&amp;z=10&amp;t=m&amp;hl=tr-TR&amp;gl=US&amp;mapclient=embed&amp;q=%C4%B0n%C3%B6n%C3%BC+Cd.+No:31+G%C3%BCm%C3%BC%C5%9Fsuyu+34437+Beyo%C4%9Flu\/%C4%B0stanbul\">Istanbul Center Address: Gumussuyu Mah. Inonu Cad. No:31 Hayirli Apt. Floor:8 D:8 Beyoglu\/Istanbul<\/a>\t                                <\/div>\r\n\t                            <\/li>\r\n                           \t                            <li class=\"wow fadeInUp\">\r\n\t                                <div class=\"icon\">\r\n\t                                   \t\t\t\t\t\t                    \t\t\t\t\t                    \t\t\t\t\t                        <i class=\"fas fa-envelope-open-text\"><\/i>\r\n\t\t\t\t\t                    \t                                <\/div>\r\n\t                                <div class=\"content\">\r\n\t                                \t<h5 class=\"title\">Mail<\/h5>\r\n\t                                  \t<a href=\"mailto:marka@altinderepatent.com\">marka@altinderepatent.com <\/a>\t                                <\/div>\r\n\t                            <\/li>\r\n                                                   <\/ul>\r\n                    <\/div>\r\n                <\/div>\r\n                \r\n                <div class=\"contact-stye-one col-lg-7 pl-60 pl-md-15 pl-xs-15\">\r\n                    <div class=\"contact-form-style-one\">\r\n                    \t\t                        <h5 class=\"sub-title\">Let's Answer Your Questions Together<\/h5>\r\n\t                    \t                                            \t<h2 class=\"heading\">Contact Us Now<\/h2>\r\n                                                                        \t\n<div class=\"wpcf7 no-js\" id=\"wpcf7-f3613-o1\" lang=\"en-US\" dir=\"ltr\">\n<div class=\"screen-reader-response\"><p role=\"status\" aria-live=\"polite\" aria-atomic=\"true\"><\/p> <ul><\/ul><\/div>\n<form action=\"\/en\/wp-json\/wp\/v2\/pages\/3213#wpcf7-f3613-o1\" method=\"post\" class=\"wpcf7-form init\" aria-label=\"Contact form\" novalidate=\"novalidate\" data-status=\"init\">\n<div style=\"display: none;\">\n<input type=\"hidden\" name=\"_wpcf7\" value=\"3613\" \/>\n<input type=\"hidden\" name=\"_wpcf7_version\" value=\"5.9.6\" \/>\n<input type=\"hidden\" name=\"_wpcf7_locale\" value=\"en_US\" \/>\n<input type=\"hidden\" name=\"_wpcf7_unit_tag\" value=\"wpcf7-f3613-o1\" \/>\n<input type=\"hidden\" name=\"_wpcf7_container_post\" value=\"0\" \/>\n<input type=\"hidden\" name=\"_wpcf7_posted_data_hash\" value=\"\" \/>\n<\/div>\n<div class=\"row\">\n    <div class=\"col-lg-12\">\n        <div class=\"form-group\">\n             <span class=\"wpcf7-form-control-wrap\" data-name=\"text-911\"><input size=\"40\" maxlength=\"80\" class=\"wpcf7-form-control wpcf7-text wpcf7-validates-as-required form-control\" id=\"name\" aria-required=\"true\" aria-invalid=\"false\" placeholder=\"Your name\" value=\"\" type=\"text\" name=\"text-911\" \/><\/span>\n        <\/div>\n    <\/div>\n<\/div>\n<div class=\"row\">\n    <div class=\"col-lg-6\">\n        <div class=\"form-group\">\n            <span class=\"wpcf7-form-control-wrap\" data-name=\"text-912\"><input size=\"40\" maxlength=\"80\" class=\"wpcf7-form-control wpcf7-text wpcf7-validates-as-required form-control\" id=\"email\" aria-required=\"true\" aria-invalid=\"false\" placeholder=\"Email*\" value=\"\" type=\"text\" name=\"text-912\" \/><\/span>\n        <\/div>\n    <\/div>\n    <div class=\"col-lg-6\">\n        <div class=\"form-group\">\n            <span class=\"wpcf7-form-control-wrap\" data-name=\"text-913\"><input size=\"40\" maxlength=\"80\" class=\"wpcf7-form-control wpcf7-text wpcf7-validates-as-required form-control\" id=\"phone\" aria-required=\"true\" aria-invalid=\"false\" placeholder=\"Telephone\" value=\"\" type=\"text\" name=\"text-913\" \/><\/span>\n        <\/div>\n    <\/div>\n<\/div>\n<div class=\"row\">\n    <div class=\"col-lg-12\">\n        <div class=\"form-group comments\">\n           <span class=\"wpcf7-form-control-wrap\" data-name=\"textarea-566\"><textarea cols=\"40\" rows=\"10\" maxlength=\"400\" class=\"wpcf7-form-control wpcf7-textarea wpcf7-validates-as-required comments\" id=\"comments\" aria-required=\"true\" aria-invalid=\"false\" placeholder=\"Your message*\" name=\"textarea-566\"><\/textarea><\/span>\n        <\/div>\n    <\/div>\n<\/div>\n<div class=\"row\">\n    <div class=\"col-lg-12\">\n        <button type=\"submit\" name=\"submit\" id=\"submit\"><i class=\"fa fa-paper-plane\"><\/i>Contact Us Now<\/button>\n    <\/div>\n<\/div><div class=\"wpcf7-response-output\" aria-hidden=\"true\"><\/div>\n<\/form>\n<\/div>\n                                            <\/div>\r\n                <\/div>\r\n            <\/div>\r\n        <\/div>\r\n    <\/div>\r\n    <!-- End Contact -->\r\n\r\n\t\t\t<\/div>\n\t\t\t\t<\/div>\n\t\t\t\t\t<\/div>\n\t\t<\/div>\n\t\t\t\t\t<\/div>\n\t\t<\/section>\n\t\t\t\t<section class=\"elementor-section elementor-top-section elementor-element elementor-element-c0ac542 elementor-section-full_width elementor-section-height-default elementor-section-height-default\" data-id=\"c0ac542\" data-element_type=\"section\">\n\t\t\t\t\t\t<div class=\"elementor-container elementor-column-gap-no\">\n\t\t\t\t\t<div class=\"elementor-column elementor-col-100 elementor-top-column elementor-element elementor-element-444a0bb\" data-id=\"444a0bb\" data-element_type=\"column\">\n\t\t\t<div class=\"elementor-widget-wrap elementor-element-populated\">\n\t\t\t\t\t\t<div class=\"elementor-element elementor-element-21618de elementor-widget elementor-widget-google_maps\" data-id=\"21618de\" data-element_type=\"widget\" data-widget_type=\"google_maps.default\">\n\t\t\t\t<div class=\"elementor-widget-container\">\n\t\t\t<style>\/*! elementor - v3.22.0 - 26-06-2024 *\/\n.elementor-widget-google_maps .elementor-widget-container{overflow:hidden}.elementor-widget-google_maps .elementor-custom-embed{line-height:0}.elementor-widget-google_maps iframe{height:300px}<\/style>\t\t<div class=\"elementor-custom-embed\">\n\t\t\t<iframe loading=\"lazy\"\n\t\t\t\t\tsrc=\"https:\/\/maps.google.com\/maps?q=%C4%B0n%C3%B6n%C3%BC%20Cd.%20No%3A31%2C%20G%C3%BCm%C3%BC%C5%9Fsuyu%2C%2034437%20Beyo%C4%9Flu%2F%C4%B0stanbul&#038;t=m&#038;z=10&#038;output=embed&#038;iwloc=near\"\n\t\t\t\t\ttitle=\"\u0130n\u00f6n\u00fc Cd. No:31, G\u00fcm\u00fc\u015fsuyu, 34437 Beyo\u011flu\/\u0130stanbul\"\n\t\t\t\t\taria-label=\"\u0130n\u00f6n\u00fc Cd. No:31, G\u00fcm\u00fc\u015fsuyu, 34437 Beyo\u011flu\/\u0130stanbul\"\n\t\t\t><\/iframe>\n\t\t<\/div>\n\t\t\t\t<\/div>\n\t\t\t\t<\/div>\n\t\t\t\t\t<\/div>\n\t\t<\/div>\n\t\t\t\t\t<\/div>\n\t\t<\/section>\n\t\t\t\t<\/div>\n\t\t","protected":false},"excerpt":{"rendered":"<p>Contact Details We respect our suppliers, employees, business partners, customers and consumers, that is, all people, as well as the environment and life, and we take care to protect their rights. Telephone \u0130stanbul 0 (212) 234 97 28 Mersin 0 (324) 336 52 10 Address Istanbul Center Address: Gumussuyu Mah. Inonu Cad. No:31 Hayirli Apt&#8230;.<\/p>\n","protected":false},"author":1,"featured_media":0,"parent":0,"menu_order":0,"comment_status":"closed","ping_status":"closed","template":"elementor_header_footer","meta":{"footnotes":""},"_links":{"self":[{"href":"https:\/\/altinderepatent.com\/en\/wp-json\/wp\/v2\/pages\/3213"}],"collection":[{"href":"https:\/\/altinderepatent.com\/en\/wp-json\/wp\/v2\/pages"}],"about":[{"href":"https:\/\/altinderepatent.com\/en\/wp-json\/wp\/v2\/types\/page"}],"author":[{"embeddable":true,"href":"https:\/\/altinderepatent.com\/en\/wp-json\/wp\/v2\/users\/1"}],"replies":[{"embeddable":true,"href":"https:\/\/altinderepatent.com\/en\/wp-json\/wp\/v2\/comments?post=3213"}],"version-history":[{"count":16,"href":"https:\/\/altinderepatent.com\/en\/wp-json\/wp\/v2\/pages\/3213\/revisions"}],"predecessor-version":[{"id":3636,"href":"https:\/\/altinderepatent.com\/en\/wp-json\/wp\/v2\/pages\/3213\/revisions\/3636"}],"wp:attachment":[{"href":"https:\/\/altinderepatent.com\/en\/wp-json\/wp\/v2\/media?parent=3213"}],"curies":[{"name":"wp","href":"https:\/\/api.w.org\/{rel}","templated":true}]}}